{"id":59,"date":"2023-06-24T16:34:13","date_gmt":"2023-06-24T16:34:13","guid":{"rendered":"https:\/\/rpinfotech.com.br\/projetos\/biobox-es\/?page_id=59"},"modified":"2023-08-12T01:40:30","modified_gmt":"2023-08-12T01:40:30","slug":"producao","status":"publish","type":"page","link":"https:\/\/bioboxhouses.com\/biobox-es\/producao\/","title":{"rendered":"Produ\u00e7\u00e3o"},"content":{"rendered":"\t\t<div data-elementor-type=\"wp-page\" data-elementor-id=\"59\" class=\"elementor elementor-59\" data-elementor-post-type=\"page\">\n\t\t\t\t<div class=\"elementor-element elementor-element-a4cea08 e-flex e-con-boxed e-con e-parent\" data-id=\"a4cea08\" data-element_type=\"container\" data-settings=\"{&quot;background_background&quot;:&quot;classic&quot;}\" data-core-v316-plus=\"true\">\n\t\t\t\t\t<div class=\"e-con-inner\">\n\t\t\t\t\t<\/div>\n\t\t\t\t<\/div>\n\t\t<div class=\"elementor-element elementor-element-27452fe e-flex e-con-boxed e-con e-parent\" data-id=\"27452fe\" data-element_type=\"container\" data-core-v316-plus=\"true\">\n\t\t\t\t\t<div class=\"e-con-inner\">\n\t\t\t\t<div class=\"elementor-element elementor-element-ec4b4d7 elementor-widget__width-initial elementor-widget elementor-widget-heading\" data-id=\"ec4b4d7\" data-element_type=\"widget\" data-widget_type=\"heading.default\">\n\t\t\t\t<div class=\"elementor-widget-container\">\n\t\t\t<h2 class=\"elementor-heading-title elementor-size-default\">Conoce el proceso que hace que BioBox sea diferente de todo lo que has visto hasta ahora<\/h2>\t\t<\/div>\n\t\t\t\t<\/div>\n\t\t<div class=\"elementor-element elementor-element-06f6a59 e-con-full e-flex e-con e-parent\" data-id=\"06f6a59\" data-element_type=\"container\" data-settings=\"{&quot;background_background&quot;:&quot;classic&quot;}\" data-core-v316-plus=\"true\">\n\t\t\t\t<\/div>\n\t\t<div class=\"elementor-element elementor-element-43c11ec e-con-full e-flex e-con e-parent\" data-id=\"43c11ec\" data-element_type=\"container\" data-settings=\"{&quot;background_background&quot;:&quot;classic&quot;}\" data-core-v316-plus=\"true\">\n\t\t\t\t<div class=\"elementor-element elementor-element-fac5234 elementor-widget elementor-widget-heading\" data-id=\"fac5234\" data-element_type=\"widget\" data-widget_type=\"heading.default\">\n\t\t\t\t<div class=\"elementor-widget-container\">\n\t\t\t<h2 class=\"elementor-heading-title elementor-size-default\">Producci\u00f3n a escala, alta productividad y cero desperdicio de materiales y recursos.<\/h2>\t\t<\/div>\n\t\t\t\t<\/div>\n\t\t\t\t<div class=\"elementor-element elementor-element-3239efc elementor-widget elementor-widget-text-editor\" data-id=\"3239efc\" data-element_type=\"widget\" data-widget_type=\"text-editor.default\">\n\t\t\t\t<div class=\"elementor-widget-container\">\n\t\t\t\t\t\t\t<p>Una de las principales caracter\u00edsticas que hace que el concepto BioBox sea realmente \u00fanico es el hecho de llevar a la construcci\u00f3n de viviendas todas las ventajas de un proceso industrial, en que todos los pasos se realizan dentro de un ambiente cerrado y controlado, permitiendo un mejor control en la calidad de ejecuci\u00f3n y una mejor productividad en el rendimiento de los equipos.<\/p><p>En la fase de planificaci\u00f3n y desarrollo de los procesos BioBox tenemos como punto de referencia la industria del autom\u00f3vil, en la cual las casas se fabrican en l\u00ednea de producci\u00f3n, as\u00ed como los veh\u00edculos, lo que permite que partes de las viviendas sean preparadas en sectores de la f\u00e1brica y ensambladas de manera ordenada en un proceso l\u00ednea de montaje, quedando al final la casa lista, cerrada y disponible para el transporte.<\/p><p>Esta condici\u00f3n de producci\u00f3n por sectores y l\u00ednea de montaje trae una ganancia considerable debido al mejor uso del tiempo y los recursos financieros, ya que permite producir 4 casas al d\u00eda, en dos periodos de 8 horas, un tiempo muy peque\u00f1o, con una enorme reducci\u00f3n de residuos, tanto en el tiempo de producci\u00f3n como en el consumo de materiales. Esto tiene un impacto importante en la reducci\u00f3n del costo final de las casas y, por tanto, en el precio de venta.<\/p>\t\t\t\t\t\t<\/div>\n\t\t\t\t<\/div>\n\t\t\t\t<\/div>\n\t\t\t\t<div class=\"elementor-element elementor-element-2794ec3 elementor-hidden-desktop elementor-widget elementor-widget-video\" data-id=\"2794ec3\" data-element_type=\"widget\" data-settings=\"{&quot;youtube_url&quot;:&quot;https:\\\/\\\/youtu.be\\\/ECyQooj_dPs?list=TLGGt1vprdbTENYyNjA2MjAyMw&quot;,&quot;video_type&quot;:&quot;youtube&quot;,&quot;controls&quot;:&quot;yes&quot;}\" data-widget_type=\"video.default\">\n\t\t\t\t<div class=\"elementor-widget-container\">\n\t\t\t\t\t<div class=\"elementor-wrapper elementor-open-inline\">\n\t\t\t<div class=\"elementor-video\"><\/div>\t\t<\/div>\n\t\t\t\t<\/div>\n\t\t\t\t<\/div>\n\t\t\t\t\t<\/div>\n\t\t\t\t<\/div>\n\t\t<div class=\"elementor-element elementor-element-309728a e-flex e-con-boxed e-con e-parent\" data-id=\"309728a\" data-element_type=\"container\" data-settings=\"{&quot;background_background&quot;:&quot;classic&quot;}\" data-core-v316-plus=\"true\">\n\t\t\t\t\t<div class=\"e-con-inner\">\n\t\t\t\t<div class=\"elementor-element elementor-element-923ce4a elementor-widget__width-initial elementor-widget-tablet__width-initial elementor-vertical-align-top elementor-widget elementor-widget-image-box\" data-id=\"923ce4a\" data-element_type=\"widget\" data-widget_type=\"image-box.default\">\n\t\t\t\t<div class=\"elementor-widget-container\">\n\t\t\t<div class=\"elementor-image-box-wrapper\"><div class=\"elementor-image-box-content\"><h3 class=\"elementor-image-box-title\">Sostenibilidad<\/h3><p class=\"elementor-image-box-description\">BioBox ha desarrollado procesos industriales sostenibles cuyo foco est\u00e1 en la conservaci\u00f3n y el no agotamiento de los recursos naturales para el futuro, una preocupaci\u00f3n expresada por la Comisi\u00f3n Mundial sobre Medio Ambiente y Desarrollo, vinculada a las Naciones Unidas, para discutir y proponer formas de armonizar el desarrollo econ\u00f3mico y la conservaci\u00f3n del medio ambiente.\n<br><br>\nPara conciliar los aspectos sociales, econ\u00f3micos y ambientales, BioBox trabaj\u00f3 en dos frentes: el desarrollo de las casas, y el desarrollo de los procesos industriales. En el primero, la atenci\u00f3n se centr\u00f3 en buscar a\u00f1adir a las casas el mayor n\u00famero posible de elementos sustentables; en el segundo, la preocupaci\u00f3n era minimizar al m\u00e1ximo el impacto de los procesos industriales en el medio ambiente.<\/p><\/div><\/div>\t\t<\/div>\n\t\t\t\t<\/div>\n\t\t\t\t<div class=\"elementor-element elementor-element-01bfa89 elementor-widget elementor-widget-image\" data-id=\"01bfa89\" data-element_type=\"widget\" data-widget_type=\"image.default\">\n\t\t\t\t<div class=\"elementor-widget-container\">\n\t\t\t\t\t\t\t\t\t\t\t\t\t<img fetchpriority=\"high\" decoding=\"async\" width=\"620\" height=\"475\" src=\"https:\/\/bioboxhouses.com\/biobox-es\/wp-content\/uploads\/2023\/06\/img-sustentabilidade-6499f65ecfdbd.webp\" class=\"attachment-full size-full wp-image-815\" alt=\"\" srcset=\"https:\/\/bioboxhouses.com\/biobox-es\/wp-content\/uploads\/2023\/06\/img-sustentabilidade-6499f65ecfdbd.webp 620w, https:\/\/bioboxhouses.com\/biobox-es\/wp-content\/uploads\/2023\/06\/img-sustentabilidade-6499f65ecfdbd-300x230.webp 300w\" sizes=\"(max-width: 620px) 100vw, 620px\" \/>\t\t\t\t\t\t\t\t\t\t\t\t\t<\/div>\n\t\t\t\t<\/div>\n\t\t\t\t\t<\/div>\n\t\t\t\t<\/div>\n\t\t<div class=\"elementor-element elementor-element-7c2c83a e-flex e-con-boxed e-con e-parent\" data-id=\"7c2c83a\" data-element_type=\"container\" data-core-v316-plus=\"true\">\n\t\t\t\t\t<div class=\"e-con-inner\">\n\t\t\t\t<div class=\"elementor-element elementor-element-fecc61c elementor-hidden-tablet elementor-hidden-mobile elementor-widget elementor-widget-video\" data-id=\"fecc61c\" data-element_type=\"widget\" data-settings=\"{&quot;youtube_url&quot;:&quot;https:\\\/\\\/youtu.be\\\/ECyQooj_dPs?list=TLGGt1vprdbTENYyNjA2MjAyMw&quot;,&quot;video_type&quot;:&quot;youtube&quot;,&quot;controls&quot;:&quot;yes&quot;}\" data-widget_type=\"video.default\">\n\t\t\t\t<div class=\"elementor-widget-container\">\n\t\t\t\t\t<div class=\"elementor-wrapper elementor-open-inline\">\n\t\t\t<div class=\"elementor-video\"><\/div>\t\t<\/div>\n\t\t\t\t<\/div>\n\t\t\t\t<\/div>\n\t\t\t\t\t<\/div>\n\t\t\t\t<\/div>\n\t\t<div class=\"elementor-element elementor-element-d211972 e-flex e-con-boxed e-con e-parent\" data-id=\"d211972\" data-element_type=\"container\" data-core-v316-plus=\"true\">\n\t\t\t\t\t<div class=\"e-con-inner\">\n\t\t\t\t<div class=\"elementor-element elementor-element-85c34ed elementor-widget-tablet__width-initial elementor-hidden-desktop elementor-widget elementor-widget-video\" data-id=\"85c34ed\" data-element_type=\"widget\" data-settings=\"{&quot;youtube_url&quot;:&quot;https:\\\/\\\/youtu.be\\\/RKbGahraV_A?list=TLGGUGLljsBTNAAyNjA2MjAyMw&quot;,&quot;video_type&quot;:&quot;youtube&quot;,&quot;controls&quot;:&quot;yes&quot;}\" data-widget_type=\"video.default\">\n\t\t\t\t<div class=\"elementor-widget-container\">\n\t\t\t\t\t<div class=\"elementor-wrapper elementor-open-inline\">\n\t\t\t<div class=\"elementor-video\"><\/div>\t\t<\/div>\n\t\t\t\t<\/div>\n\t\t\t\t<\/div>\n\t\t\t\t<div class=\"elementor-element elementor-element-3542eff elementor-widget__width-initial elementor-vertical-align-top elementor-widget elementor-widget-image-box\" data-id=\"3542eff\" data-element_type=\"widget\" data-widget_type=\"image-box.default\">\n\t\t\t\t<div class=\"elementor-widget-container\">\n\t\t\t<div class=\"elementor-image-box-wrapper\"><div class=\"elementor-image-box-content\"><h3 class=\"elementor-image-box-title\">Un gran reto superado: producci\u00f3n, transporte y montaje de una casa en pocas horas.<\/h3><p class=\"elementor-image-box-description\">BioBox ha desarrollado un proceso industrial \u00fanico, a trav\u00e9s de extensos estudios en los que participaron varios t\u00e9cnicos y consultores. Con ellos fue posible crear un sistema constructivo que hizo posible construir una casa en pocas horas, transportarla y abrirla en el lugar de entrega tambi\u00e9n en pocas horas.\n<br><br>\nPara ejecutar una casa en 4 horas fue necesario desarrollar una secuencia de procesos que permitiera cumplir todas las tareas de este trabajo en poco tiempo. La planificaci\u00f3n y los controles de calidad se aplican en todos los procesos.\n\nEste sistema tuvo como idea central el transporte de la casa terminada y cerrada, en el formato de caja, similar a un contenedor. Basta con abrirlo en el lugar definitivo. Para hacerlo, se desarrollaron planos de casas en los que sus pisos, paredes y techos estaban articulados, lo que permit\u00eda cerrarlos para unirlos a la estructura central, reduciendo su volumen y posibilitando su transporte en camiones a cualquier lugar.\n<br><br>\nFinalmente, la apertura de la casa es una parte fundamental de este sistema. Para concluir esta operaci\u00f3n en aproximadamente 8 horas, se desarrollaron procesos y procedimientos que completaran con rapidez y precisi\u00f3n todas las etapas de apertura y ubicaci\u00f3n de acabados exteriores e interiores.<\/p><\/div><\/div>\t\t<\/div>\n\t\t\t\t<\/div>\n\t\t\t\t<div class=\"elementor-element elementor-element-567ddc9 elementor-hidden-tablet elementor-hidden-mobile elementor-widget elementor-widget-video\" data-id=\"567ddc9\" data-element_type=\"widget\" data-settings=\"{&quot;youtube_url&quot;:&quot;https:\\\/\\\/youtu.be\\\/RKbGahraV_A?list=TLGGUGLljsBTNAAyNjA2MjAyMw&quot;,&quot;video_type&quot;:&quot;youtube&quot;,&quot;controls&quot;:&quot;yes&quot;}\" data-widget_type=\"video.default\">\n\t\t\t\t<div class=\"elementor-widget-container\">\n\t\t\t\t\t<div class=\"elementor-wrapper elementor-open-inline\">\n\t\t\t<div class=\"elementor-video\"><\/div>\t\t<\/div>\n\t\t\t\t<\/div>\n\t\t\t\t<\/div>\n\t\t\t\t\t<\/div>\n\t\t\t\t<\/div>\n\t\t<div class=\"elementor-element elementor-element-9a2c880 e-flex e-con-boxed e-con e-parent\" data-id=\"9a2c880\" data-element_type=\"container\" data-core-v316-plus=\"true\">\n\t\t\t\t\t<div class=\"e-con-inner\">\n\t\t\t\t<div class=\"elementor-element elementor-element-7d242eb elementor-widget elementor-widget-image\" data-id=\"7d242eb\" data-element_type=\"widget\" data-widget_type=\"image.default\">\n\t\t\t\t<div class=\"elementor-widget-container\">\n\t\t\t\t\t\t\t\t\t\t\t\t\t<img decoding=\"async\" width=\"451\" height=\"290\" src=\"https:\/\/bioboxhouses.com\/biobox-es\/wp-content\/uploads\/2023\/07\/imagem1-64ab552c2be78.webp\" class=\"attachment-full size-full wp-image-1723\" alt=\"\" srcset=\"https:\/\/bioboxhouses.com\/biobox-es\/wp-content\/uploads\/2023\/07\/imagem1-64ab552c2be78.webp 451w, https:\/\/bioboxhouses.com\/biobox-es\/wp-content\/uploads\/2023\/07\/imagem1-64ab552c2be78-300x193.webp 300w\" sizes=\"(max-width: 451px) 100vw, 451px\" \/>\t\t\t\t\t\t\t\t\t\t\t\t\t<\/div>\n\t\t\t\t<\/div>\n\t\t\t\t<div class=\"elementor-element elementor-element-797066f elementor-widget__width-initial elementor-vertical-align-top elementor-widget elementor-widget-image-box\" data-id=\"797066f\" data-element_type=\"widget\" data-widget_type=\"image-box.default\">\n\t\t\t\t<div class=\"elementor-widget-container\">\n\t\t\t<div class=\"elementor-image-box-wrapper\"><div class=\"elementor-image-box-content\"><h3 class=\"elementor-image-box-title\">Una casa terminada dentro de la f\u00e1brica, despu\u00e9s solo hay que transportarla y disfrutar de todas sus cualidades.<\/h3><p class=\"elementor-image-box-description\">Las casas BioBox son \u00fanicas porque salen de la f\u00e1brica listas, solo falta que transportarlas a los lugares de entrega y abrirlas para disfrutar de toda su seguridad y comodidad, de una manera sencilla, f\u00e1cil y superr\u00e1pida.\n<br><br>\nCuando se cierran las casas dentro de la f\u00e1brica, ya en condiciones de ser transportadas, est\u00e1n listas con todas las instalaciones el\u00e9ctricas e hidrosanitarias, iluminaci\u00f3n LED en todas las habitaciones, apliques, campanilla, ba\u00f1o completo con mampara de vidrio, inodoro con tapa, estante en el lavamanos y accesorios de ba\u00f1o, estantes con la meseta y en la parte superior de la cocina, lavadero e instalaciones para lavadora, o sea, todo pensado para hacerte la vida mucho m\u00e1s f\u00e1cil, econ\u00f3mica y agradable.<\/p><\/div><\/div>\t\t<\/div>\n\t\t\t\t<\/div>\n\t\t\t\t\t<\/div>\n\t\t\t\t<\/div>\n\t\t<div class=\"elementor-element elementor-element-e51890a e-flex e-con-boxed e-con e-parent\" data-id=\"e51890a\" data-element_type=\"container\" data-core-v316-plus=\"true\">\n\t\t\t\t\t<div class=\"e-con-inner\">\n\t\t\t\t<div class=\"elementor-element elementor-element-553208f elementor-widget elementor-widget-image\" data-id=\"553208f\" data-element_type=\"widget\" data-widget_type=\"image.default\">\n\t\t\t\t<div class=\"elementor-widget-container\">\n\t\t\t\t\t\t\t\t\t\t\t\t\t<img decoding=\"async\" width=\"2560\" height=\"1440\" src=\"https:\/\/bioboxhouses.com\/biobox-es\/wp-content\/uploads\/2023\/06\/biobox-abit-externa-1-scaled-649e6d46f0a78.webp\" class=\"attachment-full size-full wp-image-1037\" alt=\"\" srcset=\"https:\/\/bioboxhouses.com\/biobox-es\/wp-content\/uploads\/2023\/06\/biobox-abit-externa-1-scaled-649e6d46f0a78.webp 2560w, https:\/\/bioboxhouses.com\/biobox-es\/wp-content\/uploads\/2023\/06\/biobox-abit-externa-1-scaled-649e6d46f0a78-300x169.webp 300w, https:\/\/bioboxhouses.com\/biobox-es\/wp-content\/uploads\/2023\/06\/biobox-abit-externa-1-scaled-649e6d46f0a78-1024x576.webp 1024w, https:\/\/bioboxhouses.com\/biobox-es\/wp-content\/uploads\/2023\/06\/biobox-abit-externa-1-scaled-649e6d46f0a78-768x432.webp 768w, https:\/\/bioboxhouses.com\/biobox-es\/wp-content\/uploads\/2023\/06\/biobox-abit-externa-1-scaled-649e6d46f0a78-1536x864.webp 1536w, https:\/\/bioboxhouses.com\/biobox-es\/wp-content\/uploads\/2023\/06\/biobox-abit-externa-1-scaled-649e6d46f0a78-2048x1152.webp 2048w\" sizes=\"(max-width: 2560px) 100vw, 2560px\" \/>\t\t\t\t\t\t\t\t\t\t\t\t\t<\/div>\n\t\t\t\t<\/div>\n\t\t\t\t<div class=\"elementor-element elementor-element-dbf06ab elementor-widget__width-initial elementor-vertical-align-top elementor-widget elementor-widget-image-box\" data-id=\"dbf06ab\" data-element_type=\"widget\" data-widget_type=\"image-box.default\">\n\t\t\t\t<div class=\"elementor-widget-container\">\n\t\t\t<div class=\"elementor-image-box-wrapper\"><div class=\"elementor-image-box-content\"><h3 class=\"elementor-image-box-title\">Trabajo duro en busca de las mejores soluciones.<\/h3><p class=\"elementor-image-box-description\">BioBox ha pasado los \u00faltimos cinco a\u00f1os trabajando en investigaci\u00f3n y en el desarrollo de sus casas, cada detalle fue pensado, probado y mejorado hasta llegar al mejor resultado. Este trabajo de desarrollo se dividi\u00f3 en dos \u00e1reas: la manufactura con todos sus procesos, y las casas con sus caracter\u00edsticas y diferenciales.\n<br><br>\nEn el caso de la f\u00e1brica, la estructura productiva se bas\u00f3 en dos cadena de montaje, en que cada parte de la casa se produce en sectores espec\u00edficos y se ensambla al final del proceso. En una nave de 12.000 m\u00b2, se producir\u00e1n 1452 casas por a\u00f1o, o 4 casas por d\u00eda en dos turnos de trabajo, lo que significa que cada 4 horas una casa estar\u00e1 lista para transportarse y entregarse. Procesos bien ajustados y equipos seleccionados y capacitados marcar\u00e1n la diferencia y garantizar\u00e1n la calidad y productividad que nos queremos entregar.\n<br><br>\nEl concepto de sustentabilidad estar\u00e1 presente en todo lo que se haga, desde el uso de recursos naturales, agua y electricidad, materiales,  hasta la forma en que nos relacionaremos con nuestros colaboradores, empleados, proveedores y, principalmente, con nuestros clientes, y de manera m\u00e1s general, con toda la sociedad. El respeto y la preservaci\u00f3n del medio ambiente ser\u00e1n una preocupaci\u00f3n de BioBox en todas las acciones dentro y fuera de la f\u00e1brica.\n<br><br>\nPara llevar las mejores soluciones a los hogares BioBox, fue necesario desarrollar materiales y proyectos que integren durabilidad, dise\u00f1o, funcionalidad y practicidad de la mejor manera posible, para ofrecer el m\u00e1ximo confort y bienestar a los futuros residentes.\n<br><br>\nMucho se ha hecho ya y mucho se har\u00e1 para que las casas BioBox sean sin\u00f3nimo de calidad y buen negocio.<\/p><\/div><\/div>\t\t<\/div>\n\t\t\t\t<\/div>\n\t\t\t\t\t<\/div>\n\t\t\t\t<\/div>\n\t\t\t\t<\/div>\n\t\t","protected":false},"excerpt":{"rendered":"<p>Conoce el proceso que hace que BioBox sea diferente de todo lo que has visto hasta ahora Producci\u00f3n a escala, alta productividad y cero desperdicio de materiales y recursos. Una de las principales caracter\u00edsticas que hace que el concepto BioBox sea realmente \u00fanico es el hecho de llevar a la construcci\u00f3n de viviendas todas las [&hellip;]<\/p>\n","protected":false},"author":1,"featured_media":0,"parent":0,"menu_order":0,"comment_status":"closed","ping_status":"closed","template":"elementor_header_footer","meta":{"footnotes":""},"class_list":["post-59","page","type-page","status-publish","hentry","wpbf-post"],"yoast_head":"<!-- This site is optimized with the Yoast SEO plugin v22.3 - https:\/\/yoast.com\/wordpress\/plugins\/seo\/ -->\n<title>Produ\u00e7\u00e3o - BioBox<\/title>\n<meta name=\"robots\" content=\"index, follow, max-snippet:-1, max-image-preview:large, max-video-preview:-1\" \/>\n<link rel=\"canonical\" href=\"https:\/\/bioboxhouses.com\/biobox-es\/producao\/\" \/>\n<meta property=\"og:locale\" content=\"pt_BR\" \/>\n<meta property=\"og:type\" content=\"article\" \/>\n<meta property=\"og:title\" content=\"Produ\u00e7\u00e3o - BioBox\" \/>\n<meta property=\"og:description\" content=\"Conoce el proceso que hace que BioBox sea diferente de todo lo que has visto hasta ahora Producci\u00f3n a escala, alta productividad y cero desperdicio de materiales y recursos. Una de las principales caracter\u00edsticas que hace que el concepto BioBox sea realmente \u00fanico es el hecho de llevar a la construcci\u00f3n de viviendas todas las [&hellip;]\" \/>\n<meta property=\"og:url\" content=\"https:\/\/bioboxhouses.com\/biobox-es\/producao\/\" \/>\n<meta property=\"og:site_name\" content=\"BioBox\" \/>\n<meta property=\"article:modified_time\" content=\"2023-08-12T01:40:30+00:00\" \/>\n<meta property=\"og:image\" content=\"https:\/\/bioboxhouses.com\/biobox-es\/wp-content\/uploads\/2023\/06\/img-sustentabilidade-6499f65ecfdbd.webp\" \/>\n<meta name=\"twitter:card\" content=\"summary_large_image\" \/>\n<meta name=\"twitter:label1\" content=\"Est. tempo de leitura\" \/>\n\t<meta name=\"twitter:data1\" content=\"7 minutos\" \/>\n<script type=\"application\/ld+json\" class=\"yoast-schema-graph\">{\"@context\":\"https:\/\/schema.org\",\"@graph\":[{\"@type\":\"WebPage\",\"@id\":\"https:\/\/bioboxhouses.com\/biobox-es\/producao\/\",\"url\":\"https:\/\/bioboxhouses.com\/biobox-es\/producao\/\",\"name\":\"Produ\u00e7\u00e3o - BioBox\",\"isPartOf\":{\"@id\":\"https:\/\/bioboxhouses.com\/biobox-es\/#website\"},\"primaryImageOfPage\":{\"@id\":\"https:\/\/bioboxhouses.com\/biobox-es\/producao\/#primaryimage\"},\"image\":{\"@id\":\"https:\/\/bioboxhouses.com\/biobox-es\/producao\/#primaryimage\"},\"thumbnailUrl\":\"https:\/\/bioboxhouses.com\/biobox-es\/wp-content\/uploads\/2023\/06\/img-sustentabilidade-6499f65ecfdbd.webp\",\"datePublished\":\"2023-06-24T16:34:13+00:00\",\"dateModified\":\"2023-08-12T01:40:30+00:00\",\"breadcrumb\":{\"@id\":\"https:\/\/bioboxhouses.com\/biobox-es\/producao\/#breadcrumb\"},\"inLanguage\":\"pt-BR\",\"potentialAction\":[{\"@type\":\"ReadAction\",\"target\":[\"https:\/\/bioboxhouses.com\/biobox-es\/producao\/\"]}]},{\"@type\":\"ImageObject\",\"inLanguage\":\"pt-BR\",\"@id\":\"https:\/\/bioboxhouses.com\/biobox-es\/producao\/#primaryimage\",\"url\":\"https:\/\/bioboxhouses.com\/biobox-es\/wp-content\/uploads\/2023\/06\/img-sustentabilidade-6499f65ecfdbd.webp\",\"contentUrl\":\"https:\/\/bioboxhouses.com\/biobox-es\/wp-content\/uploads\/2023\/06\/img-sustentabilidade-6499f65ecfdbd.webp\",\"width\":620,\"height\":475},{\"@type\":\"BreadcrumbList\",\"@id\":\"https:\/\/bioboxhouses.com\/biobox-es\/producao\/#breadcrumb\",\"itemListElement\":[{\"@type\":\"ListItem\",\"position\":1,\"name\":\"Home\",\"item\":\"https:\/\/bioboxhouses.com\/biobox-es\/\"},{\"@type\":\"ListItem\",\"position\":2,\"name\":\"Produ\u00e7\u00e3o\"}]},{\"@type\":\"WebSite\",\"@id\":\"https:\/\/bioboxhouses.com\/biobox-es\/#website\",\"url\":\"https:\/\/bioboxhouses.com\/biobox-es\/\",\"name\":\"BioBox\",\"description\":\"\",\"potentialAction\":[{\"@type\":\"SearchAction\",\"target\":{\"@type\":\"EntryPoint\",\"urlTemplate\":\"https:\/\/bioboxhouses.com\/biobox-es\/?s={search_term_string}\"},\"query-input\":\"required name=search_term_string\"}],\"inLanguage\":\"pt-BR\"}]}<\/script>\n<!-- \/ Yoast SEO plugin. -->","yoast_head_json":{"title":"Produ\u00e7\u00e3o - BioBox","robots":{"index":"index","follow":"follow","max-snippet":"max-snippet:-1","max-image-preview":"max-image-preview:large","max-video-preview":"max-video-preview:-1"},"canonical":"https:\/\/bioboxhouses.com\/biobox-es\/producao\/","og_locale":"pt_BR","og_type":"article","og_title":"Produ\u00e7\u00e3o - BioBox","og_description":"Conoce el proceso que hace que BioBox sea diferente de todo lo que has visto hasta ahora Producci\u00f3n a escala, alta productividad y cero desperdicio de materiales y recursos. Una de las principales caracter\u00edsticas que hace que el concepto BioBox sea realmente \u00fanico es el hecho de llevar a la construcci\u00f3n de viviendas todas las [&hellip;]","og_url":"https:\/\/bioboxhouses.com\/biobox-es\/producao\/","og_site_name":"BioBox","article_modified_time":"2023-08-12T01:40:30+00:00","og_image":[{"url":"https:\/\/bioboxhouses.com\/biobox-es\/wp-content\/uploads\/2023\/06\/img-sustentabilidade-6499f65ecfdbd.webp"}],"twitter_card":"summary_large_image","twitter_misc":{"Est. tempo de leitura":"7 minutos"},"schema":{"@context":"https:\/\/schema.org","@graph":[{"@type":"WebPage","@id":"https:\/\/bioboxhouses.com\/biobox-es\/producao\/","url":"https:\/\/bioboxhouses.com\/biobox-es\/producao\/","name":"Produ\u00e7\u00e3o - BioBox","isPartOf":{"@id":"https:\/\/bioboxhouses.com\/biobox-es\/#website"},"primaryImageOfPage":{"@id":"https:\/\/bioboxhouses.com\/biobox-es\/producao\/#primaryimage"},"image":{"@id":"https:\/\/bioboxhouses.com\/biobox-es\/producao\/#primaryimage"},"thumbnailUrl":"https:\/\/bioboxhouses.com\/biobox-es\/wp-content\/uploads\/2023\/06\/img-sustentabilidade-6499f65ecfdbd.webp","datePublished":"2023-06-24T16:34:13+00:00","dateModified":"2023-08-12T01:40:30+00:00","breadcrumb":{"@id":"https:\/\/bioboxhouses.com\/biobox-es\/producao\/#breadcrumb"},"inLanguage":"pt-BR","potentialAction":[{"@type":"ReadAction","target":["https:\/\/bioboxhouses.com\/biobox-es\/producao\/"]}]},{"@type":"ImageObject","inLanguage":"pt-BR","@id":"https:\/\/bioboxhouses.com\/biobox-es\/producao\/#primaryimage","url":"https:\/\/bioboxhouses.com\/biobox-es\/wp-content\/uploads\/2023\/06\/img-sustentabilidade-6499f65ecfdbd.webp","contentUrl":"https:\/\/bioboxhouses.com\/biobox-es\/wp-content\/uploads\/2023\/06\/img-sustentabilidade-6499f65ecfdbd.webp","width":620,"height":475},{"@type":"BreadcrumbList","@id":"https:\/\/bioboxhouses.com\/biobox-es\/producao\/#breadcrumb","itemListElement":[{"@type":"ListItem","position":1,"name":"Home","item":"https:\/\/bioboxhouses.com\/biobox-es\/"},{"@type":"ListItem","position":2,"name":"Produ\u00e7\u00e3o"}]},{"@type":"WebSite","@id":"https:\/\/bioboxhouses.com\/biobox-es\/#website","url":"https:\/\/bioboxhouses.com\/biobox-es\/","name":"BioBox","description":"","potentialAction":[{"@type":"SearchAction","target":{"@type":"EntryPoint","urlTemplate":"https:\/\/bioboxhouses.com\/biobox-es\/?s={search_term_string}"},"query-input":"required name=search_term_string"}],"inLanguage":"pt-BR"}]}},"_links":{"self":[{"href":"https:\/\/bioboxhouses.com\/biobox-es\/wp-json\/wp\/v2\/pages\/59","targetHints":{"allow":["GET"]}}],"collection":[{"href":"https:\/\/bioboxhouses.com\/biobox-es\/wp-json\/wp\/v2\/pages"}],"about":[{"href":"https:\/\/bioboxhouses.com\/biobox-es\/wp-json\/wp\/v2\/types\/page"}],"author":[{"embeddable":true,"href":"https:\/\/bioboxhouses.com\/biobox-es\/wp-json\/wp\/v2\/users\/1"}],"replies":[{"embeddable":true,"href":"https:\/\/bioboxhouses.com\/biobox-es\/wp-json\/wp\/v2\/comments?post=59"}],"version-history":[{"count":67,"href":"https:\/\/bioboxhouses.com\/biobox-es\/wp-json\/wp\/v2\/pages\/59\/revisions"}],"predecessor-version":[{"id":2029,"href":"https:\/\/bioboxhouses.com\/biobox-es\/wp-json\/wp\/v2\/pages\/59\/revisions\/2029"}],"wp:attachment":[{"href":"https:\/\/bioboxhouses.com\/biobox-es\/wp-json\/wp\/v2\/media?parent=59"}],"curies":[{"name":"wp","href":"https:\/\/api.w.org\/{rel}","templated":true}]}}