{"id":27,"date":"2023-06-24T16:18:53","date_gmt":"2023-06-24T16:18:53","guid":{"rendered":"https:\/\/rpinfotech.com.br\/projetos\/biobox-es\/?page_id=27"},"modified":"2023-08-06T20:55:30","modified_gmt":"2023-08-06T20:55:30","slug":"licenciados","status":"publish","type":"page","link":"https:\/\/bioboxhouses.com\/biobox-es\/licenciados\/","title":{"rendered":"Licenciados"},"content":{"rendered":"\t\t<div data-elementor-type=\"wp-page\" data-elementor-id=\"27\" class=\"elementor elementor-27\" data-elementor-post-type=\"page\">\n\t\t\t\t<div class=\"elementor-element elementor-element-270f834 e-flex e-con-boxed e-con e-parent\" data-id=\"270f834\" data-element_type=\"container\" data-settings=\"{&quot;background_background&quot;:&quot;classic&quot;}\" data-core-v316-plus=\"true\">\n\t\t\t\t\t<div class=\"e-con-inner\">\n\t\t\t\t\t<\/div>\n\t\t\t\t<\/div>\n\t\t<div class=\"elementor-element elementor-element-282d6bf e-flex e-con-boxed e-con e-parent\" data-id=\"282d6bf\" data-element_type=\"container\" data-core-v316-plus=\"true\">\n\t\t\t\t\t<div class=\"e-con-inner\">\n\t\t\t\t<div class=\"elementor-element elementor-element-d47ee01 elementor-widget__width-initial elementor-widget elementor-widget-heading\" data-id=\"d47ee01\" data-element_type=\"widget\" data-widget_type=\"heading.default\">\n\t\t\t\t<div class=\"elementor-widget-container\">\n\t\t\t<h2 class=\"elementor-heading-title elementor-size-default\">Licenciatarios<\/h2>\t\t<\/div>\n\t\t\t\t<\/div>\n\t\t\t\t<div class=\"elementor-element elementor-element-40e77b4 elementor-widget__width-initial elementor-widget elementor-widget-heading\" data-id=\"40e77b4\" data-element_type=\"widget\" data-widget_type=\"heading.default\">\n\t\t\t\t<div class=\"elementor-widget-container\">\n\t\t\t<h2 class=\"elementor-heading-title elementor-size-default\">Invierte en un negocio con demanda creciente y resultados r\u00e1pidos.\n<\/h2>\t\t<\/div>\n\t\t\t\t<\/div>\n\t\t\t\t<div class=\"elementor-element elementor-element-7dcb25e elementor-widget__width-initial elementor-widget-tablet__width-initial elementor-arrows-position-outside elementor-widget elementor-widget-image-carousel\" data-id=\"7dcb25e\" data-element_type=\"widget\" data-settings=\"{&quot;slides_to_show&quot;:&quot;1&quot;,&quot;navigation&quot;:&quot;arrows&quot;,&quot;autoplay&quot;:&quot;yes&quot;,&quot;pause_on_hover&quot;:&quot;yes&quot;,&quot;pause_on_interaction&quot;:&quot;yes&quot;,&quot;autoplay_speed&quot;:5000,&quot;infinite&quot;:&quot;yes&quot;,&quot;effect&quot;:&quot;slide&quot;,&quot;speed&quot;:500}\" data-widget_type=\"image-carousel.default\">\n\t\t\t\t<div class=\"elementor-widget-container\">\n\t\t\t\t\t<div class=\"elementor-image-carousel-wrapper swiper\" dir=\"ltr\">\n\t\t\t<div class=\"elementor-image-carousel swiper-wrapper swiper-image-stretch\" aria-live=\"off\">\n\t\t\t\t\t\t\t\t<div class=\"swiper-slide\" role=\"group\" aria-roledescription=\"slide\" aria-label=\"1 de 4\"><a data-elementor-open-lightbox=\"yes\" data-elementor-lightbox-slideshow=\"7dcb25e\" data-elementor-lightbox-title=\"Spa\u00e7o\" data-e-action-hash=\"#elementor-action%3Aaction%3Dlightbox%26settings%3DeyJpZCI6MTg4OSwidXJsIjoiaHR0cHM6XC9cL2Jpb2JveGhvdXNlcy5jb21cL2Jpb2JveC1lc1wvd3AtY29udGVudFwvdXBsb2Fkc1wvMjAyM1wvMDhcL2ltYWdlbTUtNjRjODVmYTU5NjFiOC53ZWJwIiwic2xpZGVzaG93IjoiN2RjYjI1ZSJ9\" href=\"https:\/\/bioboxhouses.com\/biobox-es\/wp-content\/uploads\/2023\/08\/imagem5-64c85fa5961b8.webp\"><figure class=\"swiper-slide-inner\"><img decoding=\"async\" class=\"swiper-slide-image\" src=\"https:\/\/bioboxhouses.com\/biobox-es\/wp-content\/uploads\/2023\/08\/imagem5-64c85fa5961b8.webp\" alt=\"Spa\u00e7o\" \/><\/figure><\/a><\/div><div class=\"swiper-slide\" role=\"group\" aria-roledescription=\"slide\" aria-label=\"2 de 4\"><a data-elementor-open-lightbox=\"yes\" data-elementor-lightbox-slideshow=\"7dcb25e\" data-elementor-lightbox-title=\"Abit\" data-e-action-hash=\"#elementor-action%3Aaction%3Dlightbox%26settings%3DeyJpZCI6MTg5MSwidXJsIjoiaHR0cHM6XC9cL2Jpb2JveGhvdXNlcy5jb21cL2Jpb2JveC1lc1wvd3AtY29udGVudFwvdXBsb2Fkc1wvMjAyM1wvMDhcL2ltYWdlbTktNjRjODVmOWFiZGU0Mi1zY2FsZWQud2VicCIsInNsaWRlc2hvdyI6IjdkY2IyNWUifQ%3D%3D\" href=\"https:\/\/bioboxhouses.com\/biobox-es\/wp-content\/uploads\/2023\/08\/imagem9-64c85f9abde42-scaled.webp\"><figure class=\"swiper-slide-inner\"><img decoding=\"async\" class=\"swiper-slide-image\" src=\"https:\/\/bioboxhouses.com\/biobox-es\/wp-content\/uploads\/2023\/08\/imagem9-64c85f9abde42-scaled.webp\" alt=\"Abit\" \/><\/figure><\/a><\/div><div class=\"swiper-slide\" role=\"group\" aria-roledescription=\"slide\" aria-label=\"3 de 4\"><a data-elementor-open-lightbox=\"yes\" data-elementor-lightbox-slideshow=\"7dcb25e\" data-elementor-lightbox-title=\"Ikaza\" data-e-action-hash=\"#elementor-action%3Aaction%3Dlightbox%26settings%3DeyJpZCI6MTg5MCwidXJsIjoiaHR0cHM6XC9cL2Jpb2JveGhvdXNlcy5jb21cL2Jpb2JveC1lc1wvd3AtY29udGVudFwvdXBsb2Fkc1wvMjAyM1wvMDhcL2ltYWdlbTgtNjRjODVmYTQ3MjE3YS53ZWJwIiwic2xpZGVzaG93IjoiN2RjYjI1ZSJ9\" href=\"https:\/\/bioboxhouses.com\/biobox-es\/wp-content\/uploads\/2023\/08\/imagem8-64c85fa47217a.webp\"><figure class=\"swiper-slide-inner\"><img decoding=\"async\" class=\"swiper-slide-image\" src=\"https:\/\/bioboxhouses.com\/biobox-es\/wp-content\/uploads\/2023\/08\/imagem8-64c85fa47217a.webp\" alt=\"Ikaza\" \/><\/figure><\/a><\/div><div class=\"swiper-slide\" role=\"group\" aria-roledescription=\"slide\" aria-label=\"4 de 4\"><a data-elementor-open-lightbox=\"yes\" data-elementor-lightbox-slideshow=\"7dcb25e\" data-elementor-lightbox-title=\"Mais\" data-e-action-hash=\"#elementor-action%3Aaction%3Dlightbox%26settings%3DeyJpZCI6MTg5MiwidXJsIjoiaHR0cHM6XC9cL2Jpb2JveGhvdXNlcy5jb21cL2Jpb2JveC1lc1wvd3AtY29udGVudFwvdXBsb2Fkc1wvMjAyM1wvMDhcL2ltYWdlbTEwLTY0Yzg1ZjlhZGM0Njctc2NhbGVkLndlYnAiLCJzbGlkZXNob3ciOiI3ZGNiMjVlIn0%3D\" href=\"https:\/\/bioboxhouses.com\/biobox-es\/wp-content\/uploads\/2023\/08\/imagem10-64c85f9adc467-scaled.webp\"><figure class=\"swiper-slide-inner\"><img decoding=\"async\" class=\"swiper-slide-image\" src=\"https:\/\/bioboxhouses.com\/biobox-es\/wp-content\/uploads\/2023\/08\/imagem10-64c85f9adc467-scaled.webp\" alt=\"Mais\" \/><\/figure><\/a><\/div>\t\t\t<\/div>\n\t\t\t\t\t\t\t\t\t\t\t\t<div class=\"elementor-swiper-button elementor-swiper-button-prev\" role=\"button\" tabindex=\"0\">\n\t\t\t\t\t\t<i aria-hidden=\"true\" class=\"eicon-chevron-left\"><\/i>\t\t\t\t\t<\/div>\n\t\t\t\t\t<div class=\"elementor-swiper-button elementor-swiper-button-next\" role=\"button\" tabindex=\"0\">\n\t\t\t\t\t\t<i aria-hidden=\"true\" class=\"eicon-chevron-right\"><\/i>\t\t\t\t\t<\/div>\n\t\t\t\t\n\t\t\t\t\t\t\t\t\t<\/div>\n\t\t\t\t<\/div>\n\t\t\t\t<\/div>\n\t\t\t\t<div class=\"elementor-element elementor-element-97f721f elementor-widget__width-initial elementor-widget elementor-widget-text-editor\" data-id=\"97f721f\" data-element_type=\"widget\" data-widget_type=\"text-editor.default\">\n\t\t\t\t<div class=\"elementor-widget-container\">\n\t\t\t\t\t\t\t<p>El modelo de negocios de BioBox fue desarrollado por BBL International Corp. con sede en Florida \u2013 EE.UU, e importado a Brasil por BB Licenciadora Ltda. con la intenci\u00f3n de ofrecer al mercado residencial brasile\u00f1o una nueva propuesta para la producci\u00f3n de vivienda, con una visi\u00f3n plenamente empresarial de ejecuci\u00f3n a escala, ordenada, r\u00e1pida, con m\u00e1s productividad, calidad y rentabilidad en sus propias f\u00e1bricas, en que los inversores que licencian el sistema BioBox tendr\u00e1n un gran diferencial competitivo en el mercado habitacional.<\/p><p>Por lo tanto, si eres un inversionista que busca un excelente negocio y tienes afinidad con el mercado inmobiliario, la construcci\u00f3n civil o la actividad industrial, puedes convertirte en licenciatario de BioBox Licenciadora.<\/p><p>A diferencia de lo que sucede con la mayor\u00eda de los procesos constructivos, con BioBox tienes el control total del costo, la calidad y el tiempo de ejecuci\u00f3n de las casas, pudiendo controlar el ritmo de producci\u00f3n seg\u00fan tus necesidades. Ser\u00e1s parte de una nueva era del mercado inmobiliario, y contar\u00e1s con todo el apoyo del equipo que desarroll\u00f3 este sistema, y tendr\u00e1s el control de todas las operaciones, la producci\u00f3n, la log\u00edstica, la entrega de las casas y las finanzas. Solo pagar\u00e1s royalties por el uso de este sistema a BioBox Licenciadora.<\/p><p>Es muy probable que en tu regi\u00f3n haya una gran demanda de viviendas \u2013 el d\u00e9ficit de vivienda hoy es muy alto en toda la regi\u00f3n \u2013 y si tienes la posibilidad de tener contactos con empresas constructoras, promotoras inmobiliarias y empresas urbanizadoras, tienes la oportunidad de hacer un excelente negocio. Todo lo que tienes que hacer es ponerte en contacto con BB Licenciadora y negociar un Contrato de Licencia que te permita participar en este mercado. El equipo de BioBox Licenciadora te brindar\u00e1 todo el apoyo necesario para configurar la f\u00e1brica, sus procesos, sistemas de gesti\u00f3n, apoyo en la selecci\u00f3n y formaci\u00f3n de equipos, y en todo lo necesario para la realizaci\u00f3n del negocio.<\/p><p>Como m\u00e1s del 85% del costo de la casa es en materiales, tus compras son de extrema importancia para el resultado final. BioBox Licenciadora te apoyar\u00e1 en el montaje de la cadena de proveedores locales y nacionales, en el proceso de compras y en la metodolog\u00eda de control y rastreabilidad de cada material utilizado, para que tengas total seguridad con respecto a tu inversi\u00f3n.<\/p><p>Si lo comparamos con los procesos que se utilizan en la construcci\u00f3n civil en general, donde hay p\u00e9rdidas significativas de materiales en forma de desperdicios, y baja productividad de la mano de obra, el sistema BioBox est\u00e1 muy avanzado, con cero residuos, es sostenible, adem\u00e1s de presentar una alta productividad, y gran calidad, o sea, un excelente negocio.<\/p>\t\t\t\t\t\t<\/div>\n\t\t\t\t<\/div>\n\t\t\t\t\t<\/div>\n\t\t\t\t<\/div>\n\t\t\t\t<\/div>\n\t\t","protected":false},"excerpt":{"rendered":"<p>Licenciatarios Invierte en un negocio con demanda creciente y resultados r\u00e1pidos. El modelo de negocios de BioBox fue desarrollado por BBL International Corp. con sede en Florida \u2013 EE.UU, e importado a Brasil por BB Licenciadora Ltda. con la intenci\u00f3n de ofrecer al mercado residencial brasile\u00f1o una nueva propuesta para la producci\u00f3n de vivienda, con [&hellip;]<\/p>\n","protected":false},"author":1,"featured_media":0,"parent":0,"menu_order":0,"comment_status":"closed","ping_status":"closed","template":"elementor_header_footer","meta":{"footnotes":""},"class_list":["post-27","page","type-page","status-publish","hentry","wpbf-post"],"yoast_head":"<!-- This site is optimized with the Yoast SEO plugin v22.3 - https:\/\/yoast.com\/wordpress\/plugins\/seo\/ -->\n<title>Licenciados - BioBox<\/title>\n<meta name=\"robots\" content=\"index, follow, max-snippet:-1, max-image-preview:large, max-video-preview:-1\" \/>\n<link rel=\"canonical\" href=\"https:\/\/bioboxhouses.com\/biobox-es\/licenciados\/\" \/>\n<meta property=\"og:locale\" content=\"pt_BR\" \/>\n<meta property=\"og:type\" content=\"article\" \/>\n<meta property=\"og:title\" content=\"Licenciados - BioBox\" \/>\n<meta property=\"og:description\" content=\"Licenciatarios Invierte en un negocio con demanda creciente y resultados r\u00e1pidos. El modelo de negocios de BioBox fue desarrollado por BBL International Corp. con sede en Florida \u2013 EE.UU, e importado a Brasil por BB Licenciadora Ltda. con la intenci\u00f3n de ofrecer al mercado residencial brasile\u00f1o una nueva propuesta para la producci\u00f3n de vivienda, con [&hellip;]\" \/>\n<meta property=\"og:url\" content=\"https:\/\/bioboxhouses.com\/biobox-es\/licenciados\/\" \/>\n<meta property=\"og:site_name\" content=\"BioBox\" \/>\n<meta property=\"article:modified_time\" content=\"2023-08-06T20:55:30+00:00\" \/>\n<meta property=\"og:image\" content=\"https:\/\/rpinfotech.com.br\/projetos\/biobox-es\/wp-content\/uploads\/2023\/08\/imagem5-64c85fa5961b8.webp\" \/>\n<meta name=\"twitter:card\" content=\"summary_large_image\" \/>\n<meta name=\"twitter:label1\" content=\"Est. tempo de leitura\" \/>\n\t<meta name=\"twitter:data1\" content=\"4 minutos\" \/>\n<script type=\"application\/ld+json\" class=\"yoast-schema-graph\">{\"@context\":\"https:\/\/schema.org\",\"@graph\":[{\"@type\":\"WebPage\",\"@id\":\"https:\/\/bioboxhouses.com\/biobox-es\/licenciados\/\",\"url\":\"https:\/\/bioboxhouses.com\/biobox-es\/licenciados\/\",\"name\":\"Licenciados - BioBox\",\"isPartOf\":{\"@id\":\"https:\/\/bioboxhouses.com\/biobox-es\/#website\"},\"primaryImageOfPage\":{\"@id\":\"https:\/\/bioboxhouses.com\/biobox-es\/licenciados\/#primaryimage\"},\"image\":{\"@id\":\"https:\/\/bioboxhouses.com\/biobox-es\/licenciados\/#primaryimage\"},\"thumbnailUrl\":\"https:\/\/rpinfotech.com.br\/projetos\/biobox-es\/wp-content\/uploads\/2023\/08\/imagem5-64c85fa5961b8.webp\",\"datePublished\":\"2023-06-24T16:18:53+00:00\",\"dateModified\":\"2023-08-06T20:55:30+00:00\",\"breadcrumb\":{\"@id\":\"https:\/\/bioboxhouses.com\/biobox-es\/licenciados\/#breadcrumb\"},\"inLanguage\":\"pt-BR\",\"potentialAction\":[{\"@type\":\"ReadAction\",\"target\":[\"https:\/\/bioboxhouses.com\/biobox-es\/licenciados\/\"]}]},{\"@type\":\"ImageObject\",\"inLanguage\":\"pt-BR\",\"@id\":\"https:\/\/bioboxhouses.com\/biobox-es\/licenciados\/#primaryimage\",\"url\":\"https:\/\/rpinfotech.com.br\/projetos\/biobox-es\/wp-content\/uploads\/2023\/08\/imagem5-64c85fa5961b8.webp\",\"contentUrl\":\"https:\/\/rpinfotech.com.br\/projetos\/biobox-es\/wp-content\/uploads\/2023\/08\/imagem5-64c85fa5961b8.webp\"},{\"@type\":\"BreadcrumbList\",\"@id\":\"https:\/\/bioboxhouses.com\/biobox-es\/licenciados\/#breadcrumb\",\"itemListElement\":[{\"@type\":\"ListItem\",\"position\":1,\"name\":\"Home\",\"item\":\"https:\/\/bioboxhouses.com\/biobox-es\/\"},{\"@type\":\"ListItem\",\"position\":2,\"name\":\"Licenciados\"}]},{\"@type\":\"WebSite\",\"@id\":\"https:\/\/bioboxhouses.com\/biobox-es\/#website\",\"url\":\"https:\/\/bioboxhouses.com\/biobox-es\/\",\"name\":\"BioBox\",\"description\":\"\",\"potentialAction\":[{\"@type\":\"SearchAction\",\"target\":{\"@type\":\"EntryPoint\",\"urlTemplate\":\"https:\/\/bioboxhouses.com\/biobox-es\/?s={search_term_string}\"},\"query-input\":\"required name=search_term_string\"}],\"inLanguage\":\"pt-BR\"}]}<\/script>\n<!-- \/ Yoast SEO plugin. -->","yoast_head_json":{"title":"Licenciados - BioBox","robots":{"index":"index","follow":"follow","max-snippet":"max-snippet:-1","max-image-preview":"max-image-preview:large","max-video-preview":"max-video-preview:-1"},"canonical":"https:\/\/bioboxhouses.com\/biobox-es\/licenciados\/","og_locale":"pt_BR","og_type":"article","og_title":"Licenciados - BioBox","og_description":"Licenciatarios Invierte en un negocio con demanda creciente y resultados r\u00e1pidos. El modelo de negocios de BioBox fue desarrollado por BBL International Corp. con sede en Florida \u2013 EE.UU, e importado a Brasil por BB Licenciadora Ltda. con la intenci\u00f3n de ofrecer al mercado residencial brasile\u00f1o una nueva propuesta para la producci\u00f3n de vivienda, con [&hellip;]","og_url":"https:\/\/bioboxhouses.com\/biobox-es\/licenciados\/","og_site_name":"BioBox","article_modified_time":"2023-08-06T20:55:30+00:00","og_image":[{"url":"https:\/\/rpinfotech.com.br\/projetos\/biobox-es\/wp-content\/uploads\/2023\/08\/imagem5-64c85fa5961b8.webp"}],"twitter_card":"summary_large_image","twitter_misc":{"Est. tempo de leitura":"4 minutos"},"schema":{"@context":"https:\/\/schema.org","@graph":[{"@type":"WebPage","@id":"https:\/\/bioboxhouses.com\/biobox-es\/licenciados\/","url":"https:\/\/bioboxhouses.com\/biobox-es\/licenciados\/","name":"Licenciados - BioBox","isPartOf":{"@id":"https:\/\/bioboxhouses.com\/biobox-es\/#website"},"primaryImageOfPage":{"@id":"https:\/\/bioboxhouses.com\/biobox-es\/licenciados\/#primaryimage"},"image":{"@id":"https:\/\/bioboxhouses.com\/biobox-es\/licenciados\/#primaryimage"},"thumbnailUrl":"https:\/\/rpinfotech.com.br\/projetos\/biobox-es\/wp-content\/uploads\/2023\/08\/imagem5-64c85fa5961b8.webp","datePublished":"2023-06-24T16:18:53+00:00","dateModified":"2023-08-06T20:55:30+00:00","breadcrumb":{"@id":"https:\/\/bioboxhouses.com\/biobox-es\/licenciados\/#breadcrumb"},"inLanguage":"pt-BR","potentialAction":[{"@type":"ReadAction","target":["https:\/\/bioboxhouses.com\/biobox-es\/licenciados\/"]}]},{"@type":"ImageObject","inLanguage":"pt-BR","@id":"https:\/\/bioboxhouses.com\/biobox-es\/licenciados\/#primaryimage","url":"https:\/\/rpinfotech.com.br\/projetos\/biobox-es\/wp-content\/uploads\/2023\/08\/imagem5-64c85fa5961b8.webp","contentUrl":"https:\/\/rpinfotech.com.br\/projetos\/biobox-es\/wp-content\/uploads\/2023\/08\/imagem5-64c85fa5961b8.webp"},{"@type":"BreadcrumbList","@id":"https:\/\/bioboxhouses.com\/biobox-es\/licenciados\/#breadcrumb","itemListElement":[{"@type":"ListItem","position":1,"name":"Home","item":"https:\/\/bioboxhouses.com\/biobox-es\/"},{"@type":"ListItem","position":2,"name":"Licenciados"}]},{"@type":"WebSite","@id":"https:\/\/bioboxhouses.com\/biobox-es\/#website","url":"https:\/\/bioboxhouses.com\/biobox-es\/","name":"BioBox","description":"","potentialAction":[{"@type":"SearchAction","target":{"@type":"EntryPoint","urlTemplate":"https:\/\/bioboxhouses.com\/biobox-es\/?s={search_term_string}"},"query-input":"required name=search_term_string"}],"inLanguage":"pt-BR"}]}},"_links":{"self":[{"href":"https:\/\/bioboxhouses.com\/biobox-es\/wp-json\/wp\/v2\/pages\/27","targetHints":{"allow":["GET"]}}],"collection":[{"href":"https:\/\/bioboxhouses.com\/biobox-es\/wp-json\/wp\/v2\/pages"}],"about":[{"href":"https:\/\/bioboxhouses.com\/biobox-es\/wp-json\/wp\/v2\/types\/page"}],"author":[{"embeddable":true,"href":"https:\/\/bioboxhouses.com\/biobox-es\/wp-json\/wp\/v2\/users\/1"}],"replies":[{"embeddable":true,"href":"https:\/\/bioboxhouses.com\/biobox-es\/wp-json\/wp\/v2\/comments?post=27"}],"version-history":[{"count":40,"href":"https:\/\/bioboxhouses.com\/biobox-es\/wp-json\/wp\/v2\/pages\/27\/revisions"}],"predecessor-version":[{"id":1958,"href":"https:\/\/bioboxhouses.com\/biobox-es\/wp-json\/wp\/v2\/pages\/27\/revisions\/1958"}],"wp:attachment":[{"href":"https:\/\/bioboxhouses.com\/biobox-es\/wp-json\/wp\/v2\/media?parent=27"}],"curies":[{"name":"wp","href":"https:\/\/api.w.org\/{rel}","templated":true}]}}