{"id":25,"date":"2023-06-24T16:17:56","date_gmt":"2023-06-24T16:17:56","guid":{"rendered":"https:\/\/rpinfotech.com.br\/projetos\/biobox-es\/?page_id=25"},"modified":"2023-08-06T21:08:43","modified_gmt":"2023-08-06T21:08:43","slug":"investidor","status":"publish","type":"page","link":"https:\/\/bioboxhouses.com\/biobox-es\/investidor\/","title":{"rendered":"Investidor"},"content":{"rendered":"\t\t<div data-elementor-type=\"wp-page\" data-elementor-id=\"25\" class=\"elementor elementor-25\" data-elementor-post-type=\"page\">\n\t\t\t\t<div class=\"elementor-element elementor-element-aee9d8c e-flex e-con-boxed e-con e-parent\" data-id=\"aee9d8c\" data-element_type=\"container\" data-settings=\"{&quot;background_background&quot;:&quot;classic&quot;}\" data-core-v316-plus=\"true\">\n\t\t\t\t\t<div class=\"e-con-inner\">\n\t\t\t\t<div class=\"elementor-element elementor-element-59be45e elementor-widget__width-initial elementor-widget-mobile__width-initial elementor-widget elementor-widget-heading\" data-id=\"59be45e\" data-element_type=\"widget\" data-widget_type=\"heading.default\">\n\t\t\t\t<div class=\"elementor-widget-container\">\n\t\t\t<h2 class=\"elementor-heading-title elementor-size-default\">Invertir en el mercado inmobiliario brasile\u00f1o seguramente dar\u00e1 buenos resultados.<\/h2>\t\t<\/div>\n\t\t\t\t<\/div>\n\t\t\t\t\t<\/div>\n\t\t\t\t<\/div>\n\t\t<div class=\"elementor-element elementor-element-ea7bfdc e-flex e-con-boxed e-con e-parent\" data-id=\"ea7bfdc\" data-element_type=\"container\" data-core-v316-plus=\"true\">\n\t\t\t\t\t<div class=\"e-con-inner\">\n\t\t<div class=\"elementor-element elementor-element-0bf56ba e-con-full e-flex e-con e-parent\" data-id=\"0bf56ba\" data-element_type=\"container\" data-core-v316-plus=\"true\">\n\t\t\t\t<div class=\"elementor-element elementor-element-f05e9c2 elementor-nav-menu--dropdown-none elementor-nav-menu__align-justify elementor-widget__width-inherit elementor-hidden-mobile elementor-widget elementor-widget-nav-menu\" data-id=\"f05e9c2\" data-element_type=\"widget\" data-settings=\"{&quot;submenu_icon&quot;:{&quot;value&quot;:&quot;&lt;i class=\\&quot;\\&quot;&gt;&lt;\\\/i&gt;&quot;,&quot;library&quot;:&quot;&quot;},&quot;layout&quot;:&quot;horizontal&quot;}\" data-widget_type=\"nav-menu.default\">\n\t\t\t\t<div class=\"elementor-widget-container\">\n\t\t\t\t\t\t<nav class=\"elementor-nav-menu--main elementor-nav-menu__container elementor-nav-menu--layout-horizontal e--pointer-none\">\n\t\t\t\t<ul id=\"menu-1-f05e9c2\" class=\"elementor-nav-menu\"><li class=\"menu-item menu-item-type-post_type menu-item-object-page menu-item-1283\"><a href=\"https:\/\/bioboxhouses.com\/biobox-es\/construtoras\/\" class=\"elementor-item\">EMPRESAS CONSTRUCTORAS<\/a><\/li>\n<li class=\"menu-item menu-item-type-post_type menu-item-object-page menu-item-1282\"><a href=\"https:\/\/bioboxhouses.com\/biobox-es\/investidor\/\" class=\"elementor-item\">INVESTIDOR<\/a><\/li>\n<li class=\"menu-item menu-item-type-post_type menu-item-object-page menu-item-1281\"><a href=\"https:\/\/bioboxhouses.com\/biobox-es\/cliente-final\/\" class=\"elementor-item\">CLIENTE FINAL<\/a><\/li>\n<\/ul>\t\t\t<\/nav>\n\t\t\t\t\t\t<nav class=\"elementor-nav-menu--dropdown elementor-nav-menu__container\" aria-hidden=\"true\">\n\t\t\t\t<ul id=\"menu-2-f05e9c2\" class=\"elementor-nav-menu\"><li class=\"menu-item menu-item-type-post_type menu-item-object-page menu-item-1283\"><a href=\"https:\/\/bioboxhouses.com\/biobox-es\/construtoras\/\" class=\"elementor-item\" tabindex=\"-1\">EMPRESAS CONSTRUCTORAS<\/a><\/li>\n<li class=\"menu-item menu-item-type-post_type menu-item-object-page menu-item-1282\"><a href=\"https:\/\/bioboxhouses.com\/biobox-es\/investidor\/\" class=\"elementor-item\" tabindex=\"-1\">INVESTIDOR<\/a><\/li>\n<li class=\"menu-item menu-item-type-post_type menu-item-object-page menu-item-1281\"><a href=\"https:\/\/bioboxhouses.com\/biobox-es\/cliente-final\/\" class=\"elementor-item\" tabindex=\"-1\">CLIENTE FINAL<\/a><\/li>\n<\/ul>\t\t\t<\/nav>\n\t\t\t\t<\/div>\n\t\t\t\t<\/div>\n\t\t\t\t<div class=\"elementor-element elementor-element-3e4ad38 elementor-nav-menu--dropdown-none elementor-nav-menu__align-center elementor-widget__width-inherit elementor-hidden-desktop elementor-hidden-tablet elementor-widget elementor-widget-nav-menu\" data-id=\"3e4ad38\" data-element_type=\"widget\" data-settings=\"{&quot;submenu_icon&quot;:{&quot;value&quot;:&quot;&lt;i class=\\&quot;\\&quot;&gt;&lt;\\\/i&gt;&quot;,&quot;library&quot;:&quot;&quot;},&quot;layout&quot;:&quot;vertical&quot;}\" data-widget_type=\"nav-menu.default\">\n\t\t\t\t<div class=\"elementor-widget-container\">\n\t\t\t\t\t\t<nav class=\"elementor-nav-menu--main elementor-nav-menu__container elementor-nav-menu--layout-vertical e--pointer-none\">\n\t\t\t\t<ul id=\"menu-1-3e4ad38\" class=\"elementor-nav-menu sm-vertical\"><li class=\"menu-item menu-item-type-post_type menu-item-object-page menu-item-1283\"><a href=\"https:\/\/bioboxhouses.com\/biobox-es\/construtoras\/\" class=\"elementor-item\">EMPRESAS CONSTRUCTORAS<\/a><\/li>\n<li class=\"menu-item menu-item-type-post_type menu-item-object-page menu-item-1282\"><a href=\"https:\/\/bioboxhouses.com\/biobox-es\/investidor\/\" class=\"elementor-item\">INVESTIDOR<\/a><\/li>\n<li class=\"menu-item menu-item-type-post_type menu-item-object-page menu-item-1281\"><a href=\"https:\/\/bioboxhouses.com\/biobox-es\/cliente-final\/\" class=\"elementor-item\">CLIENTE FINAL<\/a><\/li>\n<\/ul>\t\t\t<\/nav>\n\t\t\t\t\t\t<nav class=\"elementor-nav-menu--dropdown elementor-nav-menu__container\" aria-hidden=\"true\">\n\t\t\t\t<ul id=\"menu-2-3e4ad38\" class=\"elementor-nav-menu sm-vertical\"><li class=\"menu-item menu-item-type-post_type menu-item-object-page menu-item-1283\"><a href=\"https:\/\/bioboxhouses.com\/biobox-es\/construtoras\/\" class=\"elementor-item\" tabindex=\"-1\">EMPRESAS CONSTRUCTORAS<\/a><\/li>\n<li class=\"menu-item menu-item-type-post_type menu-item-object-page menu-item-1282\"><a href=\"https:\/\/bioboxhouses.com\/biobox-es\/investidor\/\" class=\"elementor-item\" tabindex=\"-1\">INVESTIDOR<\/a><\/li>\n<li class=\"menu-item menu-item-type-post_type menu-item-object-page menu-item-1281\"><a href=\"https:\/\/bioboxhouses.com\/biobox-es\/cliente-final\/\" class=\"elementor-item\" tabindex=\"-1\">CLIENTE FINAL<\/a><\/li>\n<\/ul>\t\t\t<\/nav>\n\t\t\t\t<\/div>\n\t\t\t\t<\/div>\n\t\t\t\t<div class=\"elementor-element elementor-element-af4f3ac elementor-widget__width-initial elementor-widget-tablet__width-initial elementor-widget elementor-widget-text-editor\" data-id=\"af4f3ac\" data-element_type=\"widget\" data-widget_type=\"text-editor.default\">\n\t\t\t\t<div class=\"elementor-widget-container\">\n\t\t\t\t\t\t\t<p>Represento a una Empresa Constructora, Promotora o Loteador y me interesar\u00eda saber c\u00f3mo podr\u00eda producir las casas BioBox.<\/p>\t\t\t\t\t\t<\/div>\n\t\t\t\t<\/div>\n\t\t\t\t<div class=\"elementor-element elementor-element-63bc14b elementor-widget__width-initial elementor-widget-tablet__width-initial elementor-widget elementor-widget-text-editor\" data-id=\"63bc14b\" data-element_type=\"widget\" data-widget_type=\"text-editor.default\">\n\t\t\t\t<div class=\"elementor-widget-container\">\n\t\t\t\t\t\t\t<p>Estoy interesado en invertir en este segmento de negocio y me gustar\u00eda tener m\u00e1s informaci\u00f3n.<\/p>\t\t\t\t\t\t<\/div>\n\t\t\t\t<\/div>\n\t\t\t\t<div class=\"elementor-element elementor-element-75fd1f6 elementor-widget__width-initial elementor-widget-tablet__width-initial elementor-widget elementor-widget-text-editor\" data-id=\"75fd1f6\" data-element_type=\"widget\" data-widget_type=\"text-editor.default\">\n\t\t\t\t<div class=\"elementor-widget-container\">\n\t\t\t\t\t\t\t<p>Me gustar\u00eda saber qu\u00e9 debo hacer para comprar una casa BioBox.<\/p>\t\t\t\t\t\t<\/div>\n\t\t\t\t<\/div>\n\t\t\t\t<div class=\"elementor-element elementor-element-dd54e39 elementor-widget__width-initial elementor-widget elementor-widget-heading\" data-id=\"dd54e39\" data-element_type=\"widget\" data-widget_type=\"heading.default\">\n\t\t\t\t<div class=\"elementor-widget-container\">\n\t\t\t<h2 class=\"elementor-heading-title elementor-size-default\">Inversionistas<\/h2>\t\t<\/div>\n\t\t\t\t<\/div>\n\t\t\t\t<div class=\"elementor-element elementor-element-80f5ea5 elementor-button-align-end elementor-widget__width-inherit elementor-widget elementor-widget-form\" data-id=\"80f5ea5\" data-element_type=\"widget\" data-settings=\"{&quot;button_width&quot;:&quot;100&quot;,&quot;step_type&quot;:&quot;number_text&quot;,&quot;step_icon_shape&quot;:&quot;circle&quot;}\" data-widget_type=\"form.default\">\n\t\t\t\t<div class=\"elementor-widget-container\">\n\t\t\t\t\t<form class=\"elementor-form\" method=\"post\" name=\"New Form\">\n\t\t\t<input type=\"hidden\" name=\"post_id\" value=\"25\"\/>\n\t\t\t<input type=\"hidden\" name=\"form_id\" value=\"80f5ea5\"\/>\n\t\t\t<input type=\"hidden\" name=\"referer_title\" value=\"BioBox\" \/>\n\n\t\t\t\n\t\t\t<div class=\"elementor-form-fields-wrapper elementor-labels-above\">\n\t\t\t\t\t\t\t\t<div class=\"elementor-field-type-text elementor-field-group elementor-column elementor-field-group-name elementor-col-50 elementor-field-required\">\n\t\t\t\t\t\t\t\t\t\t\t\t<label for=\"form-field-name\" class=\"elementor-field-label\">\n\t\t\t\t\t\t\t\tNombre*\t\t\t\t\t\t\t<\/label>\n\t\t\t\t\t\t\t\t\t\t\t\t\t\t<input size=\"1\" type=\"text\" name=\"form_fields[name]\" id=\"form-field-name\" class=\"elementor-field elementor-size-xs  elementor-field-textual\" required=\"required\" aria-required=\"true\">\n\t\t\t\t\t\t\t\t\t\t\t<\/div>\n\t\t\t\t\t\t\t\t<div class=\"elementor-field-type-email elementor-field-group elementor-column elementor-field-group-email elementor-col-50 elementor-field-required\">\n\t\t\t\t\t\t\t\t\t\t\t\t<label for=\"form-field-email\" class=\"elementor-field-label\">\n\t\t\t\t\t\t\t\tE-mail*\t\t\t\t\t\t\t<\/label>\n\t\t\t\t\t\t\t\t\t\t\t\t\t\t<input size=\"1\" type=\"email\" name=\"form_fields[email]\" id=\"form-field-email\" class=\"elementor-field elementor-size-xs  elementor-field-textual\" required=\"required\" aria-required=\"true\">\n\t\t\t\t\t\t\t\t\t\t\t<\/div>\n\t\t\t\t\t\t\t\t<div class=\"elementor-field-type-text elementor-field-group elementor-column elementor-field-group-field_0234598 elementor-col-50 elementor-field-required\">\n\t\t\t\t\t\t\t\t\t\t\t\t<label for=\"form-field-field_0234598\" class=\"elementor-field-label\">\n\t\t\t\t\t\t\t\tTel\u00e9fone*\t\t\t\t\t\t\t<\/label>\n\t\t\t\t\t\t\t\t\t\t\t\t\t\t<input size=\"1\" type=\"text\" name=\"form_fields[field_0234598]\" id=\"form-field-field_0234598\" class=\"elementor-field elementor-size-xs  elementor-field-textual\" required=\"required\" aria-required=\"true\">\n\t\t\t\t\t\t\t\t\t\t\t<\/div>\n\t\t\t\t\t\t\t\t<div class=\"elementor-field-type-text elementor-field-group elementor-column elementor-field-group-field_2ecb325 elementor-col-50 elementor-field-required\">\n\t\t\t\t\t\t\t\t\t\t\t\t<label for=\"form-field-field_2ecb325\" class=\"elementor-field-label\">\n\t\t\t\t\t\t\t\tCiudad*\t\t\t\t\t\t\t<\/label>\n\t\t\t\t\t\t\t\t\t\t\t\t\t\t<input size=\"1\" type=\"text\" name=\"form_fields[field_2ecb325]\" id=\"form-field-field_2ecb325\" class=\"elementor-field elementor-size-xs  elementor-field-textual\" required=\"required\" aria-required=\"true\">\n\t\t\t\t\t\t\t\t\t\t\t<\/div>\n\t\t\t\t\t\t\t\t<div class=\"elementor-field-type-select elementor-field-group elementor-column elementor-field-group-field_c45a517 elementor-col-50 elementor-field-required\">\n\t\t\t\t\t\t\t\t\t\t\t\t<label for=\"form-field-field_c45a517\" class=\"elementor-field-label\">\n\t\t\t\t\t\t\t\tEstado*\t\t\t\t\t\t\t<\/label>\n\t\t\t\t\t\t\t\t<div class=\"elementor-field elementor-select-wrapper remove-before \">\n\t\t\t<div class=\"select-caret-down-wrapper\">\n\t\t\t\t<i aria-hidden=\"true\" class=\"eicon-caret-down\"><\/i>\t\t\t<\/div>\n\t\t\t<select name=\"form_fields[field_c45a517]\" id=\"form-field-field_c45a517\" class=\"elementor-field-textual elementor-size-xs\" required=\"required\" aria-required=\"true\">\n\t\t\t\t\t\t\t\t\t<option value=\"\"><\/option>\n\t\t\t\t\t\t\t\t\t<option value=\"Acre\">Acre<\/option>\n\t\t\t\t\t\t\t\t\t<option value=\"Alagoas\">Alagoas<\/option>\n\t\t\t\t\t\t\t\t\t<option value=\"Amap\u00e1\">Amap\u00e1<\/option>\n\t\t\t\t\t\t\t\t\t<option value=\"Amazonas\">Amazonas<\/option>\n\t\t\t\t\t\t\t\t\t<option value=\"Bahia\">Bahia<\/option>\n\t\t\t\t\t\t\t\t\t<option value=\"Cear\u00e1\">Cear\u00e1<\/option>\n\t\t\t\t\t\t\t\t\t<option value=\"Esp\u00edrito Santo\">Esp\u00edrito Santo<\/option>\n\t\t\t\t\t\t\t\t\t<option value=\"Goi\u00e1s\">Goi\u00e1s<\/option>\n\t\t\t\t\t\t\t\t\t<option value=\"Maranh\u00e3o\">Maranh\u00e3o<\/option>\n\t\t\t\t\t\t\t\t\t<option value=\"Mato Grosso\">Mato Grosso<\/option>\n\t\t\t\t\t\t\t\t\t<option value=\"Mato Grosso do Sul\">Mato Grosso do Sul<\/option>\n\t\t\t\t\t\t\t\t\t<option value=\"Minas Gerais\">Minas Gerais<\/option>\n\t\t\t\t\t\t\t\t\t<option value=\"Par\u00e1\">Par\u00e1<\/option>\n\t\t\t\t\t\t\t\t\t<option value=\"Para\u00edba\">Para\u00edba<\/option>\n\t\t\t\t\t\t\t\t\t<option value=\"Paran\u00e1\">Paran\u00e1<\/option>\n\t\t\t\t\t\t\t\t\t<option value=\"Pernambuco\">Pernambuco<\/option>\n\t\t\t\t\t\t\t\t\t<option value=\"Piau\u00ed\">Piau\u00ed<\/option>\n\t\t\t\t\t\t\t\t\t<option value=\"Rio de Janeiro\">Rio de Janeiro<\/option>\n\t\t\t\t\t\t\t\t\t<option value=\"Rio Grande do Norte\">Rio Grande do Norte<\/option>\n\t\t\t\t\t\t\t\t\t<option value=\"Rio Grande do Sul\">Rio Grande do Sul<\/option>\n\t\t\t\t\t\t\t\t\t<option value=\"Rond\u00f4nia\">Rond\u00f4nia<\/option>\n\t\t\t\t\t\t\t\t\t<option value=\"Roraima\">Roraima<\/option>\n\t\t\t\t\t\t\t\t\t<option value=\"Santa Catarina\">Santa Catarina<\/option>\n\t\t\t\t\t\t\t\t\t<option value=\"S\u00e3o Paulo\">S\u00e3o Paulo<\/option>\n\t\t\t\t\t\t\t\t\t<option value=\"Sergipe\">Sergipe<\/option>\n\t\t\t\t\t\t\t\t\t<option value=\"Tocantins\">Tocantins<\/option>\n\t\t\t\t\t\t\t\t\t<option value=\"Distrito Federal\">Distrito Federal<\/option>\n\t\t\t\t\t\t\t<\/select>\n\t\t<\/div>\n\t\t\t\t\t\t<\/div>\n\t\t\t\t\t\t\t\t<div class=\"elementor-field-type-select elementor-field-group elementor-column elementor-field-group-field_c175f83 elementor-col-50 elementor-field-required\">\n\t\t\t\t\t\t\t\t\t\t\t\t<label for=\"form-field-field_c175f83\" class=\"elementor-field-label\">\n\t\t\t\t\t\t\t\tAssunto*\t\t\t\t\t\t\t<\/label>\n\t\t\t\t\t\t\t\t<div class=\"elementor-field elementor-select-wrapper remove-before \">\n\t\t\t<div class=\"select-caret-down-wrapper\">\n\t\t\t\t<i aria-hidden=\"true\" class=\"eicon-caret-down\"><\/i>\t\t\t<\/div>\n\t\t\t<select name=\"form_fields[field_c175f83]\" id=\"form-field-field_c175f83\" class=\"elementor-field-textual elementor-size-xs\" required=\"required\" aria-required=\"true\">\n\t\t\t\t\t\t\t\t\t<option value=\"\"><\/option>\n\t\t\t\t\t\t\t\t\t<option value=\"Dubida\">Dubida<\/option>\n\t\t\t\t\t\t\t\t\t<option value=\"Solicitaci\u00f3n\">Solicitaci\u00f3n<\/option>\n\t\t\t\t\t\t\t\t\t<option value=\"Opini\u00f3n\">Opini\u00f3n<\/option>\n\t\t\t\t\t\t\t\t\t<option value=\"Propuesta\">Propuesta<\/option>\n\t\t\t\t\t\t\t<\/select>\n\t\t<\/div>\n\t\t\t\t\t\t<\/div>\n\t\t\t\t\t\t\t\t<div class=\"elementor-field-type-textarea elementor-field-group elementor-column elementor-field-group-message elementor-col-100 elementor-field-required\">\n\t\t\t\t\t\t\t\t\t\t\t\t<label for=\"form-field-message\" class=\"elementor-field-label\">\n\t\t\t\t\t\t\t\tEscribe aqu\u00ed tu mensaje*\t\t\t\t\t\t\t<\/label>\n\t\t\t\t\t\t<textarea class=\"elementor-field-textual elementor-field  elementor-size-xs\" name=\"form_fields[message]\" id=\"form-field-message\" rows=\"4\" required=\"required\" aria-required=\"true\"><\/textarea>\t\t\t\t<\/div>\n\t\t\t\t\t\t\t\t<div class=\"elementor-field-group elementor-column elementor-field-type-submit elementor-col-100 e-form__buttons\">\n\t\t\t\t\t<button type=\"submit\" class=\"elementor-button elementor-size-md elementor-animation-bob\">\n\t\t\t\t\t\t<span >\n\t\t\t\t\t\t\t\t\t\t\t\t\t\t\t<span class=\" elementor-button-icon\">\n\t\t\t\t\t\t\t\t\t\t\t\t\t\t\t\t\t\t\t\t\t\t\t\t\t\t<\/span>\n\t\t\t\t\t\t\t\t\t\t\t\t\t\t\t\t\t\t\t\t\t\t<span class=\"elementor-button-text\">ENVIAR<\/span>\n\t\t\t\t\t\t\t\t\t\t\t\t\t<\/span>\n\t\t\t\t\t<\/button>\n\t\t\t\t<\/div>\n\t\t\t<\/div>\n\t\t<\/form>\n\t\t\t\t<\/div>\n\t\t\t\t<\/div>\n\t\t\t\t<\/div>\n\t\t<div class=\"elementor-element elementor-element-7df9b64 e-con-full e-flex e-con e-parent\" data-id=\"7df9b64\" data-element_type=\"container\" data-settings=\"{&quot;background_background&quot;:&quot;classic&quot;}\" data-core-v316-plus=\"true\">\n\t\t\t\t<div class=\"elementor-element elementor-element-2dfda5a elementor-widget__width-initial elementor-widget elementor-widget-heading\" data-id=\"2dfda5a\" data-element_type=\"widget\" data-widget_type=\"heading.default\">\n\t\t\t\t<div class=\"elementor-widget-container\">\n\t\t\t<h2 class=\"elementor-heading-title elementor-size-default\">Tu nueva forma de hacer negocios comienza con un contacto con BioBox<\/h2>\t\t<\/div>\n\t\t\t\t<\/div>\n\t\t\t\t<div class=\"elementor-element elementor-element-d710e30 elementor-tablet-position-left elementor-view-default elementor-position-top elementor-mobile-position-top elementor-widget elementor-widget-icon-box\" data-id=\"d710e30\" data-element_type=\"widget\" data-widget_type=\"icon-box.default\">\n\t\t\t\t<div class=\"elementor-widget-container\">\n\t\t\t\t\t<div class=\"elementor-icon-box-wrapper\">\n\t\t\t\t\t\t<div class=\"elementor-icon-box-icon\">\n\t\t\t\t<a href=\"mailto:vendas@biobox.com.br\" target=\"_blank\" class=\"elementor-icon elementor-animation-\" tabindex=\"-1\">\n\t\t\t\t<i aria-hidden=\"true\" class=\"fas fa-envelope\"><\/i>\t\t\t\t<\/a>\n\t\t\t<\/div>\n\t\t\t\t\t\t<div class=\"elementor-icon-box-content\">\n\t\t\t\t<h3 class=\"elementor-icon-box-title\">\n\t\t\t\t\t<a href=\"mailto:vendas@biobox.com.br\" target=\"_blank\" >\n\t\t\t\t\t\tvendas@bioboxhouses.com\t\t\t\t\t<\/a>\n\t\t\t\t<\/h3>\n\t\t\t\t\t\t\t<\/div>\n\t\t<\/div>\n\t\t\t\t<\/div>\n\t\t\t\t<\/div>\n\t\t\t\t<\/div>\n\t\t\t\t\t<\/div>\n\t\t\t\t<\/div>\n\t\t\t\t<\/div>\n\t\t","protected":false},"excerpt":{"rendered":"<p>Invertir en el mercado inmobiliario brasile\u00f1o seguramente dar\u00e1 buenos resultados. Represento a una Empresa Constructora, Promotora o Loteador y me interesar\u00eda saber c\u00f3mo podr\u00eda producir las casas BioBox. Estoy interesado en invertir en este segmento de negocio y me gustar\u00eda tener m\u00e1s informaci\u00f3n. Me gustar\u00eda saber qu\u00e9 debo hacer para comprar una casa BioBox. Inversionistas [&hellip;]<\/p>\n","protected":false},"author":1,"featured_media":0,"parent":0,"menu_order":0,"comment_status":"closed","ping_status":"closed","template":"elementor_header_footer","meta":{"footnotes":""},"class_list":["post-25","page","type-page","status-publish","hentry","wpbf-post"],"yoast_head":"<!-- This site is optimized with the Yoast SEO plugin v22.3 - https:\/\/yoast.com\/wordpress\/plugins\/seo\/ -->\n<title>Investidor - BioBox<\/title>\n<meta name=\"robots\" content=\"index, follow, max-snippet:-1, max-image-preview:large, max-video-preview:-1\" \/>\n<link rel=\"canonical\" href=\"https:\/\/bioboxhouses.com\/biobox-es\/investidor\/\" \/>\n<meta property=\"og:locale\" content=\"pt_BR\" \/>\n<meta property=\"og:type\" content=\"article\" \/>\n<meta property=\"og:title\" content=\"Investidor - BioBox\" \/>\n<meta property=\"og:description\" content=\"Invertir en el mercado inmobiliario brasile\u00f1o seguramente dar\u00e1 buenos resultados. Represento a una Empresa Constructora, Promotora o Loteador y me interesar\u00eda saber c\u00f3mo podr\u00eda producir las casas BioBox. Estoy interesado en invertir en este segmento de negocio y me gustar\u00eda tener m\u00e1s informaci\u00f3n. Me gustar\u00eda saber qu\u00e9 debo hacer para comprar una casa BioBox. Inversionistas [&hellip;]\" \/>\n<meta property=\"og:url\" content=\"https:\/\/bioboxhouses.com\/biobox-es\/investidor\/\" \/>\n<meta property=\"og:site_name\" content=\"BioBox\" \/>\n<meta property=\"article:modified_time\" content=\"2023-08-06T21:08:43+00:00\" \/>\n<meta name=\"twitter:card\" content=\"summary_large_image\" \/>\n<meta name=\"twitter:label1\" content=\"Est. tempo de leitura\" \/>\n\t<meta name=\"twitter:data1\" content=\"1 minuto\" \/>\n<script type=\"application\/ld+json\" class=\"yoast-schema-graph\">{\"@context\":\"https:\/\/schema.org\",\"@graph\":[{\"@type\":\"WebPage\",\"@id\":\"https:\/\/bioboxhouses.com\/biobox-es\/investidor\/\",\"url\":\"https:\/\/bioboxhouses.com\/biobox-es\/investidor\/\",\"name\":\"Investidor - BioBox\",\"isPartOf\":{\"@id\":\"https:\/\/bioboxhouses.com\/biobox-es\/#website\"},\"datePublished\":\"2023-06-24T16:17:56+00:00\",\"dateModified\":\"2023-08-06T21:08:43+00:00\",\"breadcrumb\":{\"@id\":\"https:\/\/bioboxhouses.com\/biobox-es\/investidor\/#breadcrumb\"},\"inLanguage\":\"pt-BR\",\"potentialAction\":[{\"@type\":\"ReadAction\",\"target\":[\"https:\/\/bioboxhouses.com\/biobox-es\/investidor\/\"]}]},{\"@type\":\"BreadcrumbList\",\"@id\":\"https:\/\/bioboxhouses.com\/biobox-es\/investidor\/#breadcrumb\",\"itemListElement\":[{\"@type\":\"ListItem\",\"position\":1,\"name\":\"Home\",\"item\":\"https:\/\/bioboxhouses.com\/biobox-es\/\"},{\"@type\":\"ListItem\",\"position\":2,\"name\":\"Investidor\"}]},{\"@type\":\"WebSite\",\"@id\":\"https:\/\/bioboxhouses.com\/biobox-es\/#website\",\"url\":\"https:\/\/bioboxhouses.com\/biobox-es\/\",\"name\":\"BioBox\",\"description\":\"\",\"potentialAction\":[{\"@type\":\"SearchAction\",\"target\":{\"@type\":\"EntryPoint\",\"urlTemplate\":\"https:\/\/bioboxhouses.com\/biobox-es\/?s={search_term_string}\"},\"query-input\":\"required name=search_term_string\"}],\"inLanguage\":\"pt-BR\"}]}<\/script>\n<!-- \/ Yoast SEO plugin. -->","yoast_head_json":{"title":"Investidor - BioBox","robots":{"index":"index","follow":"follow","max-snippet":"max-snippet:-1","max-image-preview":"max-image-preview:large","max-video-preview":"max-video-preview:-1"},"canonical":"https:\/\/bioboxhouses.com\/biobox-es\/investidor\/","og_locale":"pt_BR","og_type":"article","og_title":"Investidor - BioBox","og_description":"Invertir en el mercado inmobiliario brasile\u00f1o seguramente dar\u00e1 buenos resultados. Represento a una Empresa Constructora, Promotora o Loteador y me interesar\u00eda saber c\u00f3mo podr\u00eda producir las casas BioBox. Estoy interesado en invertir en este segmento de negocio y me gustar\u00eda tener m\u00e1s informaci\u00f3n. Me gustar\u00eda saber qu\u00e9 debo hacer para comprar una casa BioBox. Inversionistas [&hellip;]","og_url":"https:\/\/bioboxhouses.com\/biobox-es\/investidor\/","og_site_name":"BioBox","article_modified_time":"2023-08-06T21:08:43+00:00","twitter_card":"summary_large_image","twitter_misc":{"Est. tempo de leitura":"1 minuto"},"schema":{"@context":"https:\/\/schema.org","@graph":[{"@type":"WebPage","@id":"https:\/\/bioboxhouses.com\/biobox-es\/investidor\/","url":"https:\/\/bioboxhouses.com\/biobox-es\/investidor\/","name":"Investidor - BioBox","isPartOf":{"@id":"https:\/\/bioboxhouses.com\/biobox-es\/#website"},"datePublished":"2023-06-24T16:17:56+00:00","dateModified":"2023-08-06T21:08:43+00:00","breadcrumb":{"@id":"https:\/\/bioboxhouses.com\/biobox-es\/investidor\/#breadcrumb"},"inLanguage":"pt-BR","potentialAction":[{"@type":"ReadAction","target":["https:\/\/bioboxhouses.com\/biobox-es\/investidor\/"]}]},{"@type":"BreadcrumbList","@id":"https:\/\/bioboxhouses.com\/biobox-es\/investidor\/#breadcrumb","itemListElement":[{"@type":"ListItem","position":1,"name":"Home","item":"https:\/\/bioboxhouses.com\/biobox-es\/"},{"@type":"ListItem","position":2,"name":"Investidor"}]},{"@type":"WebSite","@id":"https:\/\/bioboxhouses.com\/biobox-es\/#website","url":"https:\/\/bioboxhouses.com\/biobox-es\/","name":"BioBox","description":"","potentialAction":[{"@type":"SearchAction","target":{"@type":"EntryPoint","urlTemplate":"https:\/\/bioboxhouses.com\/biobox-es\/?s={search_term_string}"},"query-input":"required name=search_term_string"}],"inLanguage":"pt-BR"}]}},"_links":{"self":[{"href":"https:\/\/bioboxhouses.com\/biobox-es\/wp-json\/wp\/v2\/pages\/25","targetHints":{"allow":["GET"]}}],"collection":[{"href":"https:\/\/bioboxhouses.com\/biobox-es\/wp-json\/wp\/v2\/pages"}],"about":[{"href":"https:\/\/bioboxhouses.com\/biobox-es\/wp-json\/wp\/v2\/types\/page"}],"author":[{"embeddable":true,"href":"https:\/\/bioboxhouses.com\/biobox-es\/wp-json\/wp\/v2\/users\/1"}],"replies":[{"embeddable":true,"href":"https:\/\/bioboxhouses.com\/biobox-es\/wp-json\/wp\/v2\/comments?post=25"}],"version-history":[{"count":13,"href":"https:\/\/bioboxhouses.com\/biobox-es\/wp-json\/wp\/v2\/pages\/25\/revisions"}],"predecessor-version":[{"id":1979,"href":"https:\/\/bioboxhouses.com\/biobox-es\/wp-json\/wp\/v2\/pages\/25\/revisions\/1979"}],"wp:attachment":[{"href":"https:\/\/bioboxhouses.com\/biobox-es\/wp-json\/wp\/v2\/media?parent=25"}],"curies":[{"name":"wp","href":"https:\/\/api.w.org\/{rel}","templated":true}]}}