{"id":21,"date":"2023-06-24T16:16:59","date_gmt":"2023-06-24T16:16:59","guid":{"rendered":"https:\/\/rpinfotech.com.br\/projetos\/biobox-es\/?page_id=21"},"modified":"2023-08-06T20:54:06","modified_gmt":"2023-08-06T20:54:06","slug":"construtoras-incorporadoras-e-loteadores","status":"publish","type":"page","link":"https:\/\/bioboxhouses.com\/biobox-es\/construtoras-incorporadoras-e-loteadores\/","title":{"rendered":"Construtoras, Incorporadoras e Loteadores"},"content":{"rendered":"\t\t<div data-elementor-type=\"wp-page\" data-elementor-id=\"21\" class=\"elementor elementor-21\" data-elementor-post-type=\"page\">\n\t\t\t\t<div class=\"elementor-element elementor-element-5de350b e-flex e-con-boxed e-con e-parent\" data-id=\"5de350b\" data-element_type=\"container\" data-settings=\"{&quot;background_background&quot;:&quot;classic&quot;}\" data-core-v316-plus=\"true\">\n\t\t\t\t\t<div class=\"e-con-inner\">\n\t\t\t\t\t<\/div>\n\t\t\t\t<\/div>\n\t\t<div class=\"elementor-element elementor-element-13532c1 e-flex e-con-boxed e-con e-parent\" data-id=\"13532c1\" data-element_type=\"container\" data-core-v316-plus=\"true\">\n\t\t\t\t\t<div class=\"e-con-inner\">\n\t\t\t\t<div class=\"elementor-element elementor-element-6c1b02a elementor-widget__width-initial elementor-widget elementor-widget-heading\" data-id=\"6c1b02a\" data-element_type=\"widget\" data-widget_type=\"heading.default\">\n\t\t\t\t<div class=\"elementor-widget-container\">\n\t\t\t<h2 class=\"elementor-heading-title elementor-size-default\">Empresas Constructoras, Promotoras inmobiliarias y Urbanizadoras<\/h2>\t\t<\/div>\n\t\t\t\t<\/div>\n\t\t\t\t<div class=\"elementor-element elementor-element-b4dc880 elementor-widget__width-initial elementor-widget elementor-widget-heading\" data-id=\"b4dc880\" data-element_type=\"widget\" data-widget_type=\"heading.default\">\n\t\t\t\t<div class=\"elementor-widget-container\">\n\t\t\t<h2 class=\"elementor-heading-title elementor-size-default\">BioBox mejora la rentabilidad de tu negocio.<\/h2>\t\t<\/div>\n\t\t\t\t<\/div>\n\t\t<div class=\"elementor-element elementor-element-57a6485 e-con-full e-flex e-con e-parent\" data-id=\"57a6485\" data-element_type=\"container\" data-settings=\"{&quot;background_background&quot;:&quot;classic&quot;,&quot;background_motion_fx_motion_fx_scrolling&quot;:&quot;yes&quot;,&quot;background_motion_fx_translateY_effect&quot;:&quot;yes&quot;,&quot;background_motion_fx_translateY_direction&quot;:&quot;negative&quot;,&quot;background_motion_fx_translateY_speed&quot;:{&quot;unit&quot;:&quot;px&quot;,&quot;size&quot;:8.8000000000000007,&quot;sizes&quot;:[]},&quot;background_motion_fx_translateY_affectedRange&quot;:{&quot;unit&quot;:&quot;%&quot;,&quot;size&quot;:&quot;&quot;,&quot;sizes&quot;:{&quot;start&quot;:0,&quot;end&quot;:100}},&quot;background_motion_fx_devices&quot;:[&quot;desktop&quot;,&quot;tablet&quot;,&quot;mobile&quot;]}\" data-core-v316-plus=\"true\">\n\t\t\t\t<\/div>\n\t\t\t\t<div class=\"elementor-element elementor-element-c9fae2e elementor-widget__width-initial elementor-widget elementor-widget-text-editor\" data-id=\"c9fae2e\" data-element_type=\"widget\" data-widget_type=\"text-editor.default\">\n\t\t\t\t<div class=\"elementor-widget-container\">\n\t\t\t\t\t\t\t<p>La Construcci\u00f3n Civil, principalmente en el mercado de la vivienda, es un sector de gran importancia para la econom\u00eda, pero muy complejo, con muchas variables, tales como: suministro de materiales, dificultad en la mano de obra, riesgos en la mano de obra, inflaci\u00f3n, cambios en el mercado financiero, financiaci\u00f3n disponible, cambios clim\u00e1ticos, plazos largos, entre otros factores. Todo esto convierte este sector en un term\u00f3metro del crecimiento de la mayor\u00eda de las econom\u00edas mundiales, siendo la mayor cadena productiva en la generaci\u00f3n de riqueza en una sociedad.<\/p><p>La promoci\u00f3n inmobiliaria, una actividad vital en el proceso de generaci\u00f3n de emprendimientos residenciales o comerciales, se da a trav\u00e9s de la construcci\u00f3n de un condominio en un terreno. Al producirse la incorporaci\u00f3n de esta obra al terreno, el promotor vender\u00e1 las unidades y ser\u00e1 responsable del cumplimiento \u00edntegro de todas las etapas hasta su entrega.<\/p><p>Para ambas actividades, las empresas que se dediquen a la Construcci\u00f3n o Promoci\u00f3n inmobiliaria, BioBox trae la posibilidad de ampliar su mix de oferta inmobiliaria, ofreciendo casas en proceso industrial, que salen de la f\u00e1brica 100% listas, con excelente calidad y durabilidad, costo de ejecuci\u00f3n inferior al del proceso convencional, tiempo de entrega inmejorable y, por lo tanto, mucho menos riesgo y m\u00e1s rentabilidad.<\/p><p>Tambi\u00e9n para las empresas urbanizadoras, BioBox se convertir\u00e1 en una gran aliada para mejorar su rentabilidad, ya que las puede ayudar a revertir sus inversiones en mayores beneficios, y mucho m\u00e1s r\u00e1pido, pues permitir\u00e1n ofrecer, desde el lanzamiento de sus emprendimientos, la posibilidad de contar con casas listas\u2026 para habitarlas inmediatamente, los lotes o condominios horizontales ganar\u00e1n en velocidad de consolidaci\u00f3n y valoraci\u00f3n.<\/p><p>Gracias al precio de venta competitivo de una casa BioBox, las empresas urbanizadoras podr\u00e1n revender las casas con un buen margen de lucro, adem\u00e1s del valor del terreno, multiplicando la ganancia de estas operaciones comerciales.<\/p><p>BioBox es una casa diferente de construcci\u00f3n de viviendas. Es la primera en el sector que tiene un proceso de ejecuci\u00f3n de casas en su propia f\u00e1brica, con procesos ordenados y r\u00e1pidos que garantizan calidad, productividad y durabilidad. Sus casas salen listas de la f\u00e1brica, evitando la necesidad de obras en los lugares donde se entregar\u00e1n, lo que representar\u00e1 una reducci\u00f3n de costos importante para las empresas constructoras, promotoras inmobiliarias y urbanizadoras.<\/p><p>Actualmente, analizando el mercado de la vivienda, se estima que entre el 45% y el 50% del costo de una construcci\u00f3n de una unidad de vivienda se gasta en mano de obra. Con el sistema BioBox ejecutando las casas en su propia f\u00e1brica, este porcentaje es inferior al 15%, lo que significa menos costos con mano de obra, menos riesgos laborales, menos incertidumbre y mejor productividad.<\/p><p>Al ofrecer este modelo de negocio, BioBox permite a las empresas constructoras, promotoras inmobiliarias y urbanizadoras tener la posibilidad de gestionar su negocio con mucha m\u00e1s seguridad y rentabilidad, contando con un soporte t\u00e9cnico durante la producci\u00f3n y entrega que se extender\u00e1 a la posventa.<\/p>\t\t\t\t\t\t<\/div>\n\t\t\t\t<\/div>\n\t\t\t\t\t<\/div>\n\t\t\t\t<\/div>\n\t\t\t\t<\/div>\n\t\t","protected":false},"excerpt":{"rendered":"<p>Empresas Constructoras, Promotoras inmobiliarias y Urbanizadoras BioBox mejora la rentabilidad de tu negocio. La Construcci\u00f3n Civil, principalmente en el mercado de la vivienda, es un sector de gran importancia para la econom\u00eda, pero muy complejo, con muchas variables, tales como: suministro de materiales, dificultad en la mano de obra, riesgos en la mano de obra, [&hellip;]<\/p>\n","protected":false},"author":1,"featured_media":0,"parent":0,"menu_order":0,"comment_status":"closed","ping_status":"closed","template":"elementor_header_footer","meta":{"footnotes":""},"class_list":["post-21","page","type-page","status-publish","hentry","wpbf-post"],"yoast_head":"<!-- This site is optimized with the Yoast SEO plugin v22.3 - https:\/\/yoast.com\/wordpress\/plugins\/seo\/ -->\n<title>Construtoras, Incorporadoras e Loteadores - BioBox<\/title>\n<meta name=\"robots\" content=\"index, follow, max-snippet:-1, max-image-preview:large, max-video-preview:-1\" \/>\n<link rel=\"canonical\" href=\"https:\/\/bioboxhouses.com\/biobox-es\/construtoras-incorporadoras-e-loteadores\/\" \/>\n<meta property=\"og:locale\" content=\"pt_BR\" \/>\n<meta property=\"og:type\" content=\"article\" \/>\n<meta property=\"og:title\" content=\"Construtoras, Incorporadoras e Loteadores - BioBox\" \/>\n<meta property=\"og:description\" content=\"Empresas Constructoras, Promotoras inmobiliarias y Urbanizadoras BioBox mejora la rentabilidad de tu negocio. La Construcci\u00f3n Civil, principalmente en el mercado de la vivienda, es un sector de gran importancia para la econom\u00eda, pero muy complejo, con muchas variables, tales como: suministro de materiales, dificultad en la mano de obra, riesgos en la mano de obra, [&hellip;]\" \/>\n<meta property=\"og:url\" content=\"https:\/\/bioboxhouses.com\/biobox-es\/construtoras-incorporadoras-e-loteadores\/\" \/>\n<meta property=\"og:site_name\" content=\"BioBox\" \/>\n<meta property=\"article:modified_time\" content=\"2023-08-06T20:54:06+00:00\" \/>\n<meta name=\"twitter:card\" content=\"summary_large_image\" \/>\n<meta name=\"twitter:label1\" content=\"Est. tempo de leitura\" \/>\n\t<meta name=\"twitter:data1\" content=\"3 minutos\" \/>\n<script type=\"application\/ld+json\" class=\"yoast-schema-graph\">{\"@context\":\"https:\/\/schema.org\",\"@graph\":[{\"@type\":\"WebPage\",\"@id\":\"https:\/\/bioboxhouses.com\/biobox-es\/construtoras-incorporadoras-e-loteadores\/\",\"url\":\"https:\/\/bioboxhouses.com\/biobox-es\/construtoras-incorporadoras-e-loteadores\/\",\"name\":\"Construtoras, Incorporadoras e Loteadores - BioBox\",\"isPartOf\":{\"@id\":\"https:\/\/bioboxhouses.com\/biobox-es\/#website\"},\"datePublished\":\"2023-06-24T16:16:59+00:00\",\"dateModified\":\"2023-08-06T20:54:06+00:00\",\"breadcrumb\":{\"@id\":\"https:\/\/bioboxhouses.com\/biobox-es\/construtoras-incorporadoras-e-loteadores\/#breadcrumb\"},\"inLanguage\":\"pt-BR\",\"potentialAction\":[{\"@type\":\"ReadAction\",\"target\":[\"https:\/\/bioboxhouses.com\/biobox-es\/construtoras-incorporadoras-e-loteadores\/\"]}]},{\"@type\":\"BreadcrumbList\",\"@id\":\"https:\/\/bioboxhouses.com\/biobox-es\/construtoras-incorporadoras-e-loteadores\/#breadcrumb\",\"itemListElement\":[{\"@type\":\"ListItem\",\"position\":1,\"name\":\"Home\",\"item\":\"https:\/\/bioboxhouses.com\/biobox-es\/\"},{\"@type\":\"ListItem\",\"position\":2,\"name\":\"Construtoras, Incorporadoras e Loteadores\"}]},{\"@type\":\"WebSite\",\"@id\":\"https:\/\/bioboxhouses.com\/biobox-es\/#website\",\"url\":\"https:\/\/bioboxhouses.com\/biobox-es\/\",\"name\":\"BioBox\",\"description\":\"\",\"potentialAction\":[{\"@type\":\"SearchAction\",\"target\":{\"@type\":\"EntryPoint\",\"urlTemplate\":\"https:\/\/bioboxhouses.com\/biobox-es\/?s={search_term_string}\"},\"query-input\":\"required name=search_term_string\"}],\"inLanguage\":\"pt-BR\"}]}<\/script>\n<!-- \/ Yoast SEO plugin. -->","yoast_head_json":{"title":"Construtoras, Incorporadoras e Loteadores - BioBox","robots":{"index":"index","follow":"follow","max-snippet":"max-snippet:-1","max-image-preview":"max-image-preview:large","max-video-preview":"max-video-preview:-1"},"canonical":"https:\/\/bioboxhouses.com\/biobox-es\/construtoras-incorporadoras-e-loteadores\/","og_locale":"pt_BR","og_type":"article","og_title":"Construtoras, Incorporadoras e Loteadores - BioBox","og_description":"Empresas Constructoras, Promotoras inmobiliarias y Urbanizadoras BioBox mejora la rentabilidad de tu negocio. La Construcci\u00f3n Civil, principalmente en el mercado de la vivienda, es un sector de gran importancia para la econom\u00eda, pero muy complejo, con muchas variables, tales como: suministro de materiales, dificultad en la mano de obra, riesgos en la mano de obra, [&hellip;]","og_url":"https:\/\/bioboxhouses.com\/biobox-es\/construtoras-incorporadoras-e-loteadores\/","og_site_name":"BioBox","article_modified_time":"2023-08-06T20:54:06+00:00","twitter_card":"summary_large_image","twitter_misc":{"Est. tempo de leitura":"3 minutos"},"schema":{"@context":"https:\/\/schema.org","@graph":[{"@type":"WebPage","@id":"https:\/\/bioboxhouses.com\/biobox-es\/construtoras-incorporadoras-e-loteadores\/","url":"https:\/\/bioboxhouses.com\/biobox-es\/construtoras-incorporadoras-e-loteadores\/","name":"Construtoras, Incorporadoras e Loteadores - BioBox","isPartOf":{"@id":"https:\/\/bioboxhouses.com\/biobox-es\/#website"},"datePublished":"2023-06-24T16:16:59+00:00","dateModified":"2023-08-06T20:54:06+00:00","breadcrumb":{"@id":"https:\/\/bioboxhouses.com\/biobox-es\/construtoras-incorporadoras-e-loteadores\/#breadcrumb"},"inLanguage":"pt-BR","potentialAction":[{"@type":"ReadAction","target":["https:\/\/bioboxhouses.com\/biobox-es\/construtoras-incorporadoras-e-loteadores\/"]}]},{"@type":"BreadcrumbList","@id":"https:\/\/bioboxhouses.com\/biobox-es\/construtoras-incorporadoras-e-loteadores\/#breadcrumb","itemListElement":[{"@type":"ListItem","position":1,"name":"Home","item":"https:\/\/bioboxhouses.com\/biobox-es\/"},{"@type":"ListItem","position":2,"name":"Construtoras, Incorporadoras e Loteadores"}]},{"@type":"WebSite","@id":"https:\/\/bioboxhouses.com\/biobox-es\/#website","url":"https:\/\/bioboxhouses.com\/biobox-es\/","name":"BioBox","description":"","potentialAction":[{"@type":"SearchAction","target":{"@type":"EntryPoint","urlTemplate":"https:\/\/bioboxhouses.com\/biobox-es\/?s={search_term_string}"},"query-input":"required name=search_term_string"}],"inLanguage":"pt-BR"}]}},"_links":{"self":[{"href":"https:\/\/bioboxhouses.com\/biobox-es\/wp-json\/wp\/v2\/pages\/21","targetHints":{"allow":["GET"]}}],"collection":[{"href":"https:\/\/bioboxhouses.com\/biobox-es\/wp-json\/wp\/v2\/pages"}],"about":[{"href":"https:\/\/bioboxhouses.com\/biobox-es\/wp-json\/wp\/v2\/types\/page"}],"author":[{"embeddable":true,"href":"https:\/\/bioboxhouses.com\/biobox-es\/wp-json\/wp\/v2\/users\/1"}],"replies":[{"embeddable":true,"href":"https:\/\/bioboxhouses.com\/biobox-es\/wp-json\/wp\/v2\/comments?post=21"}],"version-history":[{"count":46,"href":"https:\/\/bioboxhouses.com\/biobox-es\/wp-json\/wp\/v2\/pages\/21\/revisions"}],"predecessor-version":[{"id":1955,"href":"https:\/\/bioboxhouses.com\/biobox-es\/wp-json\/wp\/v2\/pages\/21\/revisions\/1955"}],"wp:attachment":[{"href":"https:\/\/bioboxhouses.com\/biobox-es\/wp-json\/wp\/v2\/media?parent=21"}],"curies":[{"name":"wp","href":"https:\/\/api.w.org\/{rel}","templated":true}]}}