{"id":15,"date":"2023-06-24T16:15:51","date_gmt":"2023-06-24T16:15:51","guid":{"rendered":"https:\/\/rpinfotech.com.br\/projetos\/biobox-es\/?page_id=15"},"modified":"2023-08-12T01:36:48","modified_gmt":"2023-08-12T01:36:48","slug":"blog","status":"publish","type":"page","link":"https:\/\/bioboxhouses.com\/biobox-es\/blog\/","title":{"rendered":"Blog"},"content":{"rendered":"\t\t<div data-elementor-type=\"wp-page\" data-elementor-id=\"15\" class=\"elementor elementor-15\" data-elementor-post-type=\"page\">\n\t\t\t\t<div class=\"elementor-element elementor-element-b45b356 e-flex e-con-boxed e-con e-parent\" data-id=\"b45b356\" data-element_type=\"container\" data-settings=\"{&quot;background_background&quot;:&quot;classic&quot;}\" data-core-v316-plus=\"true\">\n\t\t\t\t\t<div class=\"e-con-inner\">\n\t\t<div class=\"elementor-element elementor-element-ae105d6 e-con-full e-flex e-con e-parent\" data-id=\"ae105d6\" data-element_type=\"container\" data-settings=\"{&quot;background_background&quot;:&quot;classic&quot;}\" data-core-v316-plus=\"true\">\n\t\t\t\t<div class=\"elementor-element elementor-element-a8f1802 elementor-grid-1 elementor-grid-tablet-1 elementor-grid-mobile-1 elementor-posts--thumbnail-top elementor-widget elementor-widget-posts\" data-id=\"a8f1802\" data-element_type=\"widget\" data-settings=\"{&quot;classic_columns&quot;:&quot;1&quot;,&quot;classic_columns_tablet&quot;:&quot;1&quot;,&quot;classic_columns_mobile&quot;:&quot;1&quot;,&quot;classic_row_gap&quot;:{&quot;unit&quot;:&quot;px&quot;,&quot;size&quot;:35,&quot;sizes&quot;:[]},&quot;classic_row_gap_tablet&quot;:{&quot;unit&quot;:&quot;px&quot;,&quot;size&quot;:&quot;&quot;,&quot;sizes&quot;:[]},&quot;classic_row_gap_mobile&quot;:{&quot;unit&quot;:&quot;px&quot;,&quot;size&quot;:&quot;&quot;,&quot;sizes&quot;:[]}}\" data-widget_type=\"posts.classic\">\n\t\t\t\t<div class=\"elementor-widget-container\">\n\t\t\t\t\t<div class=\"elementor-posts-container elementor-posts elementor-posts--skin-classic elementor-grid\">\n\t\t\t\t<article class=\"elementor-post elementor-grid-item post-1172 post type-post status-publish format-standard has-post-thumbnail hentry category-uncategorized wpbf-post\">\n\t\t\t\t<a class=\"elementor-post__thumbnail__link\" href=\"https:\/\/bioboxhouses.com\/biobox-es\/o-que-significa-e-quais-sao-as-vantagens-da-construcao-off-site\/\" tabindex=\"-1\" >\n\t\t\t<div class=\"elementor-post__thumbnail\"><img fetchpriority=\"high\" decoding=\"async\" width=\"1170\" height=\"650\" src=\"https:\/\/bioboxhouses.com\/biobox-es\/wp-content\/uploads\/2023\/07\/off-site-espanhol-blog-biobox-64d0091fd8eda.webp\" class=\"attachment-full size-full wp-image-1960\" alt=\"\" srcset=\"https:\/\/bioboxhouses.com\/biobox-es\/wp-content\/uploads\/2023\/07\/off-site-espanhol-blog-biobox-64d0091fd8eda.webp 1170w, https:\/\/bioboxhouses.com\/biobox-es\/wp-content\/uploads\/2023\/07\/off-site-espanhol-blog-biobox-64d0091fd8eda-300x167.webp 300w, https:\/\/bioboxhouses.com\/biobox-es\/wp-content\/uploads\/2023\/07\/off-site-espanhol-blog-biobox-64d0091fd8eda-1024x569.webp 1024w, https:\/\/bioboxhouses.com\/biobox-es\/wp-content\/uploads\/2023\/07\/off-site-espanhol-blog-biobox-64d0091fd8eda-768x427.webp 768w\" sizes=\"(max-width: 1170px) 100vw, 1170px\" \/><\/div>\n\t\t<\/a>\n\t\t\t\t<div class=\"elementor-post__text\">\n\t\t\t\t<h3 class=\"elementor-post__title\">\n\t\t\t<a href=\"https:\/\/bioboxhouses.com\/biobox-es\/o-que-significa-e-quais-sao-as-vantagens-da-construcao-off-site\/\" >\n\t\t\t\t\u00bfQu\u00e9 significa y cu\u00e1les son las ventajas de la construcci\u00f3n off-site?\t\t\t<\/a>\n\t\t<\/h3>\n\t\t\t\t<div class=\"elementor-post__excerpt\">\n\t\t\t<p>El mercado de la industria de la construcci\u00f3n civil siempre est\u00e1 cambiando y transform\u00e1ndose. Cada d\u00eda surgen nuevas necesidades y requerimientos y es necesario adaptarse a las nuevas tendencias y clientes. Adem\u00e1s, adaptarse a las nuevas tendencias y tecnolog\u00edas del sector, garantiza m\u00e1s espacio en el mercado y visibilidad.<\/p>\n\t\t<\/div>\n\t\t\n\t\t<a class=\"elementor-post__read-more\" href=\"https:\/\/bioboxhouses.com\/biobox-es\/o-que-significa-e-quais-sao-as-vantagens-da-construcao-off-site\/\" aria-label=\"Read more about \u00bfQu\u00e9 significa y cu\u00e1les son las ventajas de la construcci\u00f3n off-site?\" tabindex=\"-1\" >\n\t\t\tLeia mais &gt;&gt;\t\t<\/a>\n\n\t\t\t\t<\/div>\n\t\t\t\t<\/article>\n\t\t\t\t<\/div>\n\t\t\n\t\t\t\t<\/div>\n\t\t\t\t<\/div>\n\t\t\t\t<\/div>\n\t\t<div class=\"elementor-element elementor-element-aa826dd e-con-full e-flex e-con e-parent\" data-id=\"aa826dd\" data-element_type=\"container\" data-core-v316-plus=\"true\">\n\t\t<div class=\"elementor-element elementor-element-2f317c0 e-flex e-con-boxed e-con e-parent\" data-id=\"2f317c0\" data-element_type=\"container\" data-settings=\"{&quot;background_background&quot;:&quot;classic&quot;}\" data-core-v316-plus=\"true\">\n\t\t\t\t\t<div class=\"e-con-inner\">\n\t\t\t\t<div class=\"elementor-element elementor-element-ecd2738 elementor-search-form--skin-minimal elementor-widget elementor-widget-search-form\" data-id=\"ecd2738\" data-element_type=\"widget\" data-settings=\"{&quot;skin&quot;:&quot;minimal&quot;}\" data-widget_type=\"search-form.default\">\n\t\t\t\t<div class=\"elementor-widget-container\">\n\t\t\t\t\t<search role=\"search\">\n\t\t\t<form class=\"elementor-search-form\" action=\"https:\/\/bioboxhouses.com\/biobox-es\" method=\"get\">\n\t\t\t\t\t\t\t\t\t\t\t\t<div class=\"elementor-search-form__container\">\n\t\t\t\t\t<label class=\"elementor-screen-only\" for=\"elementor-search-form-ecd2738\">Search<\/label>\n\n\t\t\t\t\t\t\t\t\t\t\t<div class=\"elementor-search-form__icon\">\n\t\t\t\t\t\t\t<i aria-hidden=\"true\" class=\"fas fa-search\"><\/i>\t\t\t\t\t\t\t<span class=\"elementor-screen-only\">Search<\/span>\n\t\t\t\t\t\t<\/div>\n\t\t\t\t\t\n\t\t\t\t\t<input id=\"elementor-search-form-ecd2738\" placeholder=\"Pesquisar...\" class=\"elementor-search-form__input\" type=\"search\" name=\"s\" value=\"\">\n\t\t\t\t\t\n\t\t\t\t\t\n\t\t\t\t\t\t\t\t\t<\/div>\n\t\t\t<\/form>\n\t\t<\/search>\n\t\t\t\t<\/div>\n\t\t\t\t<\/div>\n\t\t\t\t\t<\/div>\n\t\t\t\t<\/div>\n\t\t<div class=\"elementor-element elementor-element-8b2489a e-flex e-con-boxed e-con e-parent\" data-id=\"8b2489a\" data-element_type=\"container\" data-settings=\"{&quot;background_background&quot;:&quot;classic&quot;}\" data-core-v316-plus=\"true\">\n\t\t\t\t\t<div class=\"e-con-inner\">\n\t\t\t\t<div class=\"elementor-element elementor-element-0779224 elementor-widget elementor-widget-heading\" data-id=\"0779224\" data-element_type=\"widget\" data-widget_type=\"heading.default\">\n\t\t\t\t<div class=\"elementor-widget-container\">\n\t\t\t<h2 class=\"elementor-heading-title elementor-size-default\">Posts recentes<\/h2>\t\t<\/div>\n\t\t\t\t<\/div>\n\t\t\t\t<div class=\"elementor-element elementor-element-acd4b17 elementor-widget-divider--view-line elementor-widget elementor-widget-divider\" data-id=\"acd4b17\" data-element_type=\"widget\" data-widget_type=\"divider.default\">\n\t\t\t\t<div class=\"elementor-widget-container\">\n\t\t\t\t\t<div class=\"elementor-divider\">\n\t\t\t<span class=\"elementor-divider-separator\">\n\t\t\t\t\t\t<\/span>\n\t\t<\/div>\n\t\t\t\t<\/div>\n\t\t\t\t<\/div>\n\t\t\t\t<div class=\"elementor-element elementor-element-0573bd1 elementor-grid-1 elementor-grid-tablet-1 elementor-grid-mobile-1 elementor-posts--thumbnail-top elementor-widget elementor-widget-posts\" data-id=\"0573bd1\" data-element_type=\"widget\" data-settings=\"{&quot;classic_columns&quot;:&quot;1&quot;,&quot;classic_row_gap&quot;:{&quot;unit&quot;:&quot;px&quot;,&quot;size&quot;:0,&quot;sizes&quot;:[]},&quot;classic_columns_tablet&quot;:&quot;1&quot;,&quot;classic_columns_mobile&quot;:&quot;1&quot;,&quot;classic_row_gap_tablet&quot;:{&quot;unit&quot;:&quot;px&quot;,&quot;size&quot;:&quot;&quot;,&quot;sizes&quot;:[]},&quot;classic_row_gap_mobile&quot;:{&quot;unit&quot;:&quot;px&quot;,&quot;size&quot;:&quot;&quot;,&quot;sizes&quot;:[]}}\" data-widget_type=\"posts.classic\">\n\t\t\t\t<div class=\"elementor-widget-container\">\n\t\t\t\t\t<div class=\"elementor-posts-container elementor-posts elementor-posts--skin-classic elementor-grid\">\n\t\t\t\t<article class=\"elementor-post elementor-grid-item post-1172 post type-post status-publish format-standard has-post-thumbnail hentry category-uncategorized wpbf-post\">\n\t\t\t\t<a class=\"elementor-post__thumbnail__link\" href=\"https:\/\/bioboxhouses.com\/biobox-es\/o-que-significa-e-quais-sao-as-vantagens-da-construcao-off-site\/\" tabindex=\"-1\" >\n\t\t\t<div class=\"elementor-post__thumbnail\"><img decoding=\"async\" width=\"300\" height=\"167\" src=\"https:\/\/bioboxhouses.com\/biobox-es\/wp-content\/uploads\/2023\/07\/off-site-espanhol-blog-biobox-64d0091fd8eda-300x167.webp\" class=\"attachment-medium size-medium wp-image-1960\" alt=\"\" srcset=\"https:\/\/bioboxhouses.com\/biobox-es\/wp-content\/uploads\/2023\/07\/off-site-espanhol-blog-biobox-64d0091fd8eda-300x167.webp 300w, https:\/\/bioboxhouses.com\/biobox-es\/wp-content\/uploads\/2023\/07\/off-site-espanhol-blog-biobox-64d0091fd8eda-1024x569.webp 1024w, https:\/\/bioboxhouses.com\/biobox-es\/wp-content\/uploads\/2023\/07\/off-site-espanhol-blog-biobox-64d0091fd8eda-768x427.webp 768w, https:\/\/bioboxhouses.com\/biobox-es\/wp-content\/uploads\/2023\/07\/off-site-espanhol-blog-biobox-64d0091fd8eda.webp 1170w\" sizes=\"(max-width: 300px) 100vw, 300px\" \/><\/div>\n\t\t<\/a>\n\t\t\t\t<div class=\"elementor-post__text\">\n\t\t\t\t<h3 class=\"elementor-post__title\">\n\t\t\t<a href=\"https:\/\/bioboxhouses.com\/biobox-es\/o-que-significa-e-quais-sao-as-vantagens-da-construcao-off-site\/\" >\n\t\t\t\t\u00bfQu\u00e9 significa y cu\u00e1les son las ventajas de la construcci\u00f3n off-site?\t\t\t<\/a>\n\t\t<\/h3>\n\t\t\t\t<\/div>\n\t\t\t\t<\/article>\n\t\t\t\t<\/div>\n\t\t\n\t\t\t\t<\/div>\n\t\t\t\t<\/div>\n\t\t\t\t\t<\/div>\n\t\t\t\t<\/div>\n\t\t<div class=\"elementor-element elementor-element-69c2782 e-flex e-con-boxed e-con e-parent\" data-id=\"69c2782\" data-element_type=\"container\" data-settings=\"{&quot;background_background&quot;:&quot;classic&quot;}\" data-core-v316-plus=\"true\">\n\t\t\t\t\t<div class=\"e-con-inner\">\n\t\t\t\t<div class=\"elementor-element elementor-element-be77444 elementor-widget elementor-widget-heading\" data-id=\"be77444\" data-element_type=\"widget\" data-widget_type=\"heading.default\">\n\t\t\t\t<div class=\"elementor-widget-container\">\n\t\t\t<h2 class=\"elementor-heading-title elementor-size-default\">Categorias<\/h2>\t\t<\/div>\n\t\t\t\t<\/div>\n\t\t\t\t<div class=\"elementor-element elementor-element-f43b844 elementor-widget-divider--view-line elementor-widget elementor-widget-divider\" data-id=\"f43b844\" data-element_type=\"widget\" data-widget_type=\"divider.default\">\n\t\t\t\t<div class=\"elementor-widget-container\">\n\t\t\t\t\t<div class=\"elementor-divider\">\n\t\t\t<span class=\"elementor-divider-separator\">\n\t\t\t\t\t\t<\/span>\n\t\t<\/div>\n\t\t\t\t<\/div>\n\t\t\t\t<\/div>\n\t\t\t\t<div class=\"elementor-element elementor-element-c44edbc elementor-nav-menu--dropdown-none elementor-widget elementor-widget-nav-menu\" data-id=\"c44edbc\" data-element_type=\"widget\" data-settings=\"{&quot;submenu_icon&quot;:{&quot;value&quot;:&quot;&lt;i class=\\&quot;\\&quot;&gt;&lt;\\\/i&gt;&quot;,&quot;library&quot;:&quot;&quot;},&quot;layout&quot;:&quot;horizontal&quot;}\" data-widget_type=\"nav-menu.default\">\n\t\t\t\t<div class=\"elementor-widget-container\">\n\t\t\t\t\t\t<nav class=\"elementor-nav-menu--main elementor-nav-menu__container elementor-nav-menu--layout-horizontal e--pointer-none\">\n\t\t\t\t<ul id=\"menu-1-c44edbc\" class=\"elementor-nav-menu\"><li class=\"menu-item menu-item-type-taxonomy menu-item-object-category menu-item-1199\"><a href=\"https:\/\/bioboxhouses.com\/biobox-es\/category\/uncategorized\/\" class=\"elementor-item\">BioBox &#8211; Blog<\/a><\/li>\n<\/ul>\t\t\t<\/nav>\n\t\t\t\t\t\t<nav class=\"elementor-nav-menu--dropdown elementor-nav-menu__container\" aria-hidden=\"true\">\n\t\t\t\t<ul id=\"menu-2-c44edbc\" class=\"elementor-nav-menu\"><li class=\"menu-item menu-item-type-taxonomy menu-item-object-category menu-item-1199\"><a href=\"https:\/\/bioboxhouses.com\/biobox-es\/category\/uncategorized\/\" class=\"elementor-item\" tabindex=\"-1\">BioBox &#8211; Blog<\/a><\/li>\n<\/ul>\t\t\t<\/nav>\n\t\t\t\t<\/div>\n\t\t\t\t<\/div>\n\t\t\t\t\t<\/div>\n\t\t\t\t<\/div>\n\t\t<div class=\"elementor-element elementor-element-68ff567 e-flex e-con-boxed e-con e-parent\" data-id=\"68ff567\" data-element_type=\"container\" data-settings=\"{&quot;background_background&quot;:&quot;classic&quot;}\" data-core-v316-plus=\"true\">\n\t\t\t\t\t<div class=\"e-con-inner\">\n\t\t\t\t<div class=\"elementor-element elementor-element-2a376a4 elementor-widget elementor-widget-image\" data-id=\"2a376a4\" data-element_type=\"widget\" data-widget_type=\"image.default\">\n\t\t\t\t<div class=\"elementor-widget-container\">\n\t\t\t\t\t\t\t\t\t\t\t\t\t<img decoding=\"async\" width=\"685\" height=\"248\" src=\"https:\/\/bioboxhouses.com\/biobox-es\/wp-content\/uploads\/2023\/06\/biobo-log-64971fd2bf498.webp\" class=\"attachment-full size-full wp-image-86\" alt=\"\" srcset=\"https:\/\/bioboxhouses.com\/biobox-es\/wp-content\/uploads\/2023\/06\/biobo-log-64971fd2bf498.webp 685w, https:\/\/bioboxhouses.com\/biobox-es\/wp-content\/uploads\/2023\/06\/biobo-log-64971fd2bf498-300x109.webp 300w\" sizes=\"(max-width: 685px) 100vw, 685px\" \/>\t\t\t\t\t\t\t\t\t\t\t\t\t<\/div>\n\t\t\t\t<\/div>\n\t\t\t\t\t<\/div>\n\t\t\t\t<\/div>\n\t\t<div class=\"elementor-element elementor-element-7489015 e-flex e-con-boxed e-con e-parent\" data-id=\"7489015\" data-element_type=\"container\" data-settings=\"{&quot;background_background&quot;:&quot;classic&quot;}\" data-core-v316-plus=\"true\">\n\t\t\t\t\t<div class=\"e-con-inner\">\n\t\t\t\t<div class=\"elementor-element elementor-element-c047640 e-grid-align-left e-grid-align-mobile-center elementor-shape-rounded elementor-grid-0 elementor-widget elementor-widget-social-icons\" data-id=\"c047640\" data-element_type=\"widget\" data-widget_type=\"social-icons.default\">\n\t\t\t\t<div class=\"elementor-widget-container\">\n\t\t\t\t\t<div class=\"elementor-social-icons-wrapper elementor-grid\">\n\t\t\t\t\t\t\t<span class=\"elementor-grid-item\">\n\t\t\t\t\t<a class=\"elementor-icon elementor-social-icon elementor-social-icon-instagram elementor-animation-bob elementor-repeater-item-7ea382a\" href=\"https:\/\/www.instagram.com\/bioboxhouses\/?igshid=YmMyMTA2M2Y%3D\" target=\"_blank\">\n\t\t\t\t\t\t<span class=\"elementor-screen-only\">Instagram<\/span>\n\t\t\t\t\t\t<i class=\"fab fa-instagram\"><\/i>\t\t\t\t\t<\/a>\n\t\t\t\t<\/span>\n\t\t\t\t\t\t\t<span class=\"elementor-grid-item\">\n\t\t\t\t\t<a class=\"elementor-icon elementor-social-icon elementor-social-icon-facebook elementor-animation-bob elementor-repeater-item-60a1329\" href=\"https:\/\/www.facebook.com\/bioboxhousesoficial?mibextid=LQQJ4d\" target=\"_blank\">\n\t\t\t\t\t\t<span class=\"elementor-screen-only\">Facebook<\/span>\n\t\t\t\t\t\t<i class=\"fab fa-facebook\"><\/i>\t\t\t\t\t<\/a>\n\t\t\t\t<\/span>\n\t\t\t\t\t\t\t<span class=\"elementor-grid-item\">\n\t\t\t\t\t<a class=\"elementor-icon elementor-social-icon elementor-social-icon-youtube elementor-animation-bob elementor-repeater-item-8c146b2\" href=\"https:\/\/www.youtube.com\/@bioboxhouses2012\" target=\"_blank\">\n\t\t\t\t\t\t<span class=\"elementor-screen-only\">Youtube<\/span>\n\t\t\t\t\t\t<i class=\"fab fa-youtube\"><\/i>\t\t\t\t\t<\/a>\n\t\t\t\t<\/span>\n\t\t\t\t\t<\/div>\n\t\t\t\t<\/div>\n\t\t\t\t<\/div>\n\t\t\t\t\t<\/div>\n\t\t\t\t<\/div>\n\t\t\t\t<\/div>\n\t\t\t\t\t<\/div>\n\t\t\t\t<\/div>\n\t\t\t\t<\/div>\n\t\t","protected":false},"excerpt":{"rendered":"<p>Posts recentes Categorias Instagram Facebook Youtube<\/p>\n","protected":false},"author":1,"featured_media":0,"parent":0,"menu_order":0,"comment_status":"closed","ping_status":"closed","template":"elementor_header_footer","meta":{"footnotes":""},"class_list":["post-15","page","type-page","status-publish","hentry","wpbf-post"],"yoast_head":"<!-- This site is optimized with the Yoast SEO plugin v22.3 - https:\/\/yoast.com\/wordpress\/plugins\/seo\/ -->\n<title>Blog - BioBox<\/title>\n<meta name=\"robots\" content=\"index, follow, max-snippet:-1, max-image-preview:large, max-video-preview:-1\" \/>\n<link rel=\"canonical\" href=\"https:\/\/bioboxhouses.com\/biobox-es\/blog\/\" \/>\n<meta property=\"og:locale\" content=\"pt_BR\" \/>\n<meta property=\"og:type\" content=\"article\" \/>\n<meta property=\"og:title\" content=\"Blog - BioBox\" \/>\n<meta property=\"og:description\" content=\"Posts recentes Categorias Instagram Facebook Youtube\" \/>\n<meta property=\"og:url\" content=\"https:\/\/bioboxhouses.com\/biobox-es\/blog\/\" \/>\n<meta property=\"og:site_name\" content=\"BioBox\" \/>\n<meta property=\"article:modified_time\" content=\"2023-08-12T01:36:48+00:00\" \/>\n<meta property=\"og:image\" content=\"https:\/\/bioboxhouses.com\/biobox-es\/wp-content\/uploads\/2023\/06\/biobo-log-64971fd2bf498.webp\" \/>\n<meta name=\"twitter:card\" content=\"summary_large_image\" \/>\n<meta name=\"twitter:label1\" content=\"Est. tempo de leitura\" \/>\n\t<meta name=\"twitter:data1\" content=\"2 minutos\" \/>\n<script type=\"application\/ld+json\" class=\"yoast-schema-graph\">{\"@context\":\"https:\/\/schema.org\",\"@graph\":[{\"@type\":\"WebPage\",\"@id\":\"https:\/\/bioboxhouses.com\/biobox-es\/blog\/\",\"url\":\"https:\/\/bioboxhouses.com\/biobox-es\/blog\/\",\"name\":\"Blog - BioBox\",\"isPartOf\":{\"@id\":\"https:\/\/bioboxhouses.com\/biobox-es\/#website\"},\"primaryImageOfPage\":{\"@id\":\"https:\/\/bioboxhouses.com\/biobox-es\/blog\/#primaryimage\"},\"image\":{\"@id\":\"https:\/\/bioboxhouses.com\/biobox-es\/blog\/#primaryimage\"},\"thumbnailUrl\":\"https:\/\/bioboxhouses.com\/biobox-es\/wp-content\/uploads\/2023\/06\/biobo-log-64971fd2bf498.webp\",\"datePublished\":\"2023-06-24T16:15:51+00:00\",\"dateModified\":\"2023-08-12T01:36:48+00:00\",\"breadcrumb\":{\"@id\":\"https:\/\/bioboxhouses.com\/biobox-es\/blog\/#breadcrumb\"},\"inLanguage\":\"pt-BR\",\"potentialAction\":[{\"@type\":\"ReadAction\",\"target\":[\"https:\/\/bioboxhouses.com\/biobox-es\/blog\/\"]}]},{\"@type\":\"ImageObject\",\"inLanguage\":\"pt-BR\",\"@id\":\"https:\/\/bioboxhouses.com\/biobox-es\/blog\/#primaryimage\",\"url\":\"https:\/\/bioboxhouses.com\/biobox-es\/wp-content\/uploads\/2023\/06\/biobo-log-64971fd2bf498.webp\",\"contentUrl\":\"https:\/\/bioboxhouses.com\/biobox-es\/wp-content\/uploads\/2023\/06\/biobo-log-64971fd2bf498.webp\",\"width\":685,\"height\":248},{\"@type\":\"BreadcrumbList\",\"@id\":\"https:\/\/bioboxhouses.com\/biobox-es\/blog\/#breadcrumb\",\"itemListElement\":[{\"@type\":\"ListItem\",\"position\":1,\"name\":\"Home\",\"item\":\"https:\/\/bioboxhouses.com\/biobox-es\/\"},{\"@type\":\"ListItem\",\"position\":2,\"name\":\"Blog\"}]},{\"@type\":\"WebSite\",\"@id\":\"https:\/\/bioboxhouses.com\/biobox-es\/#website\",\"url\":\"https:\/\/bioboxhouses.com\/biobox-es\/\",\"name\":\"BioBox\",\"description\":\"\",\"potentialAction\":[{\"@type\":\"SearchAction\",\"target\":{\"@type\":\"EntryPoint\",\"urlTemplate\":\"https:\/\/bioboxhouses.com\/biobox-es\/?s={search_term_string}\"},\"query-input\":\"required name=search_term_string\"}],\"inLanguage\":\"pt-BR\"}]}<\/script>\n<!-- \/ Yoast SEO plugin. -->","yoast_head_json":{"title":"Blog - BioBox","robots":{"index":"index","follow":"follow","max-snippet":"max-snippet:-1","max-image-preview":"max-image-preview:large","max-video-preview":"max-video-preview:-1"},"canonical":"https:\/\/bioboxhouses.com\/biobox-es\/blog\/","og_locale":"pt_BR","og_type":"article","og_title":"Blog - BioBox","og_description":"Posts recentes Categorias Instagram Facebook Youtube","og_url":"https:\/\/bioboxhouses.com\/biobox-es\/blog\/","og_site_name":"BioBox","article_modified_time":"2023-08-12T01:36:48+00:00","og_image":[{"url":"https:\/\/bioboxhouses.com\/biobox-es\/wp-content\/uploads\/2023\/06\/biobo-log-64971fd2bf498.webp"}],"twitter_card":"summary_large_image","twitter_misc":{"Est. tempo de leitura":"2 minutos"},"schema":{"@context":"https:\/\/schema.org","@graph":[{"@type":"WebPage","@id":"https:\/\/bioboxhouses.com\/biobox-es\/blog\/","url":"https:\/\/bioboxhouses.com\/biobox-es\/blog\/","name":"Blog - BioBox","isPartOf":{"@id":"https:\/\/bioboxhouses.com\/biobox-es\/#website"},"primaryImageOfPage":{"@id":"https:\/\/bioboxhouses.com\/biobox-es\/blog\/#primaryimage"},"image":{"@id":"https:\/\/bioboxhouses.com\/biobox-es\/blog\/#primaryimage"},"thumbnailUrl":"https:\/\/bioboxhouses.com\/biobox-es\/wp-content\/uploads\/2023\/06\/biobo-log-64971fd2bf498.webp","datePublished":"2023-06-24T16:15:51+00:00","dateModified":"2023-08-12T01:36:48+00:00","breadcrumb":{"@id":"https:\/\/bioboxhouses.com\/biobox-es\/blog\/#breadcrumb"},"inLanguage":"pt-BR","potentialAction":[{"@type":"ReadAction","target":["https:\/\/bioboxhouses.com\/biobox-es\/blog\/"]}]},{"@type":"ImageObject","inLanguage":"pt-BR","@id":"https:\/\/bioboxhouses.com\/biobox-es\/blog\/#primaryimage","url":"https:\/\/bioboxhouses.com\/biobox-es\/wp-content\/uploads\/2023\/06\/biobo-log-64971fd2bf498.webp","contentUrl":"https:\/\/bioboxhouses.com\/biobox-es\/wp-content\/uploads\/2023\/06\/biobo-log-64971fd2bf498.webp","width":685,"height":248},{"@type":"BreadcrumbList","@id":"https:\/\/bioboxhouses.com\/biobox-es\/blog\/#breadcrumb","itemListElement":[{"@type":"ListItem","position":1,"name":"Home","item":"https:\/\/bioboxhouses.com\/biobox-es\/"},{"@type":"ListItem","position":2,"name":"Blog"}]},{"@type":"WebSite","@id":"https:\/\/bioboxhouses.com\/biobox-es\/#website","url":"https:\/\/bioboxhouses.com\/biobox-es\/","name":"BioBox","description":"","potentialAction":[{"@type":"SearchAction","target":{"@type":"EntryPoint","urlTemplate":"https:\/\/bioboxhouses.com\/biobox-es\/?s={search_term_string}"},"query-input":"required name=search_term_string"}],"inLanguage":"pt-BR"}]}},"_links":{"self":[{"href":"https:\/\/bioboxhouses.com\/biobox-es\/wp-json\/wp\/v2\/pages\/15","targetHints":{"allow":["GET"]}}],"collection":[{"href":"https:\/\/bioboxhouses.com\/biobox-es\/wp-json\/wp\/v2\/pages"}],"about":[{"href":"https:\/\/bioboxhouses.com\/biobox-es\/wp-json\/wp\/v2\/types\/page"}],"author":[{"embeddable":true,"href":"https:\/\/bioboxhouses.com\/biobox-es\/wp-json\/wp\/v2\/users\/1"}],"replies":[{"embeddable":true,"href":"https:\/\/bioboxhouses.com\/biobox-es\/wp-json\/wp\/v2\/comments?post=15"}],"version-history":[{"count":43,"href":"https:\/\/bioboxhouses.com\/biobox-es\/wp-json\/wp\/v2\/pages\/15\/revisions"}],"predecessor-version":[{"id":2023,"href":"https:\/\/bioboxhouses.com\/biobox-es\/wp-json\/wp\/v2\/pages\/15\/revisions\/2023"}],"wp:attachment":[{"href":"https:\/\/bioboxhouses.com\/biobox-es\/wp-json\/wp\/v2\/media?parent=15"}],"curies":[{"name":"wp","href":"https:\/\/api.w.org\/{rel}","templated":true}]}}