{"id":13,"date":"2023-06-24T16:15:34","date_gmt":"2023-06-24T16:15:34","guid":{"rendered":"https:\/\/rpinfotech.com.br\/projetos\/biobox-es\/?page_id=13"},"modified":"2023-08-12T01:38:04","modified_gmt":"2023-08-12T01:38:04","slug":"a-biobox","status":"publish","type":"page","link":"https:\/\/bioboxhouses.com\/biobox-es\/a-biobox\/","title":{"rendered":"A BioBox"},"content":{"rendered":"\t\t<div data-elementor-type=\"wp-page\" data-elementor-id=\"13\" class=\"elementor elementor-13\" data-elementor-post-type=\"page\">\n\t\t\t\t<div class=\"elementor-element elementor-element-e57fae1 e-flex e-con-boxed e-con e-parent\" data-id=\"e57fae1\" data-element_type=\"container\" data-settings=\"{&quot;background_background&quot;:&quot;classic&quot;}\" data-core-v316-plus=\"true\">\n\t\t\t\t\t<div class=\"e-con-inner\">\n\t\t\t\t\t<\/div>\n\t\t\t\t<\/div>\n\t\t<div class=\"elementor-element elementor-element-12142c7 e-flex e-con-boxed e-con e-parent\" data-id=\"12142c7\" data-element_type=\"container\" data-core-v316-plus=\"true\">\n\t\t\t\t\t<div class=\"e-con-inner\">\n\t\t\t\t<div class=\"elementor-element elementor-element-76d84b5 elementor-widget__width-initial elementor-widget elementor-widget-heading\" data-id=\"76d84b5\" data-element_type=\"widget\" data-widget_type=\"heading.default\">\n\t\t\t\t<div class=\"elementor-widget-container\">\n\t\t\t<h2 class=\"elementor-heading-title elementor-size-default\">Conoce las casas BioBox, m\u00e1s que una casa de calidad, una nueva forma de construir y vivir.<\/h2>\t\t<\/div>\n\t\t\t\t<\/div>\n\t\t\t\t\t<\/div>\n\t\t\t\t<\/div>\n\t\t<div class=\"elementor-element elementor-element-88e5d8b e-flex e-con-boxed e-con e-parent\" data-id=\"88e5d8b\" data-element_type=\"container\" data-core-v316-plus=\"true\">\n\t\t\t\t\t<div class=\"e-con-inner\">\n\t\t<div class=\"elementor-element elementor-element-f4af0be e-con-full e-flex e-con e-parent\" data-id=\"f4af0be\" data-element_type=\"container\" data-core-v316-plus=\"true\">\n\t\t\t\t<div class=\"elementor-element elementor-element-cfe57e1 elementor-widget elementor-widget-heading\" data-id=\"cfe57e1\" data-element_type=\"widget\" data-widget_type=\"heading.default\">\n\t\t\t\t<div class=\"elementor-widget-container\">\n\t\t\t<h2 class=\"elementor-heading-title elementor-size-default\">Muchas ventajas para empresarios y compradores finales.<\/h2>\t\t<\/div>\n\t\t\t\t<\/div>\n\t\t\t\t<div class=\"elementor-element elementor-element-ee1b3d1 elementor-widget elementor-widget-heading\" data-id=\"ee1b3d1\" data-element_type=\"widget\" data-widget_type=\"heading.default\">\n\t\t\t\t<div class=\"elementor-widget-container\">\n\t\t\t<h2 class=\"elementor-heading-title elementor-size-default\">El proceso de fabricaci\u00f3n de BioBox aporta varias ventajas a sus casas:<\/h2>\t\t<\/div>\n\t\t\t\t<\/div>\n\t\t\t\t<div class=\"elementor-element elementor-element-84e4005 elementor-icon-list--layout-traditional elementor-list-item-link-full_width elementor-widget elementor-widget-icon-list\" data-id=\"84e4005\" data-element_type=\"widget\" data-widget_type=\"icon-list.default\">\n\t\t\t\t<div class=\"elementor-widget-container\">\n\t\t\t\t\t<ul class=\"elementor-icon-list-items\">\n\t\t\t\t\t\t\t<li class=\"elementor-icon-list-item\">\n\t\t\t\t\t\t\t\t\t\t\t<span class=\"elementor-icon-list-icon\">\n\t\t\t\t\t\t\t<i aria-hidden=\"true\" class=\"fas fa-circle\"><\/i>\t\t\t\t\t\t<\/span>\n\t\t\t\t\t\t\t\t\t\t<span class=\"elementor-icon-list-text\">Mayor control sobre la calidad de la producci\u00f3n y el producto final;<\/span>\n\t\t\t\t\t\t\t\t\t<\/li>\n\t\t\t\t\t\t\t\t<li class=\"elementor-icon-list-item\">\n\t\t\t\t\t\t\t\t\t\t\t<span class=\"elementor-icon-list-icon\">\n\t\t\t\t\t\t\t<i aria-hidden=\"true\" class=\"fas fa-circle\"><\/i>\t\t\t\t\t\t<\/span>\n\t\t\t\t\t\t\t\t\t\t<span class=\"elementor-icon-list-text\">Menor tiempo de producci\u00f3n, una casa cada 4 horas;<\/span>\n\t\t\t\t\t\t\t\t\t<\/li>\n\t\t\t\t\t\t\t\t<li class=\"elementor-icon-list-item\">\n\t\t\t\t\t\t\t\t\t\t\t<span class=\"elementor-icon-list-icon\">\n\t\t\t\t\t\t\t<i aria-hidden=\"true\" class=\"fas fa-circle\"><\/i>\t\t\t\t\t\t<\/span>\n\t\t\t\t\t\t\t\t\t\t<span class=\"elementor-icon-list-text\">Mejor relaci\u00f3n Costo-Beneficio;<\/span>\n\t\t\t\t\t\t\t\t\t<\/li>\n\t\t\t\t\t\t\t\t<li class=\"elementor-icon-list-item\">\n\t\t\t\t\t\t\t\t\t\t\t<span class=\"elementor-icon-list-icon\">\n\t\t\t\t\t\t\t<i aria-hidden=\"true\" class=\"fas fa-circle\"><\/i>\t\t\t\t\t\t<\/span>\n\t\t\t\t\t\t\t\t\t\t<span class=\"elementor-icon-list-text\">Precio de venta m\u00e1s competitivo;<\/span>\n\t\t\t\t\t\t\t\t\t<\/li>\n\t\t\t\t\t\t\t\t<li class=\"elementor-icon-list-item\">\n\t\t\t\t\t\t\t\t\t\t\t<span class=\"elementor-icon-list-icon\">\n\t\t\t\t\t\t\t<i aria-hidden=\"true\" class=\"fas fa-circle\"><\/i>\t\t\t\t\t\t<\/span>\n\t\t\t\t\t\t\t\t\t\t<span class=\"elementor-icon-list-text\">Uso de procesos sostenibles que reducen los costos de los recursos naturales;<\/span>\n\t\t\t\t\t\t\t\t\t<\/li>\n\t\t\t\t\t\t\t\t<li class=\"elementor-icon-list-item\">\n\t\t\t\t\t\t\t\t\t\t\t<span class=\"elementor-icon-list-icon\">\n\t\t\t\t\t\t\t<i aria-hidden=\"true\" class=\"fas fa-circle\"><\/i>\t\t\t\t\t\t<\/span>\n\t\t\t\t\t\t\t\t\t\t<span class=\"elementor-icon-list-text\">Ejecuci\u00f3n en ambiente cerrado evitando interferencias clim\u00e1ticas.<\/span>\n\t\t\t\t\t\t\t\t\t<\/li>\n\t\t\t\t\t\t<\/ul>\n\t\t\t\t<\/div>\n\t\t\t\t<\/div>\n\t\t\t\t<div class=\"elementor-element elementor-element-d788b05 elementor-widget elementor-widget-text-editor\" data-id=\"d788b05\" data-element_type=\"widget\" data-widget_type=\"text-editor.default\">\n\t\t\t\t<div class=\"elementor-widget-container\">\n\t\t\t\t\t\t\t<p>Todo eso trae m\u00e1s calidad, en mucho menos tiempo, y por un precio de oferta muy accesible.<\/p><p>Tanto si es un empresario interesado en convertirte en licenciatario de BioBox como si te interesa comprar una casa BioBox. Conoce mejor en las otras p\u00e1ginas de nuestro sitio web cada detalle de esta revoluci\u00f3n en el mercado inmobiliario.<\/p>\t\t\t\t\t\t<\/div>\n\t\t\t\t<\/div>\n\t\t\t\t<\/div>\n\t\t<div class=\"elementor-element elementor-element-aca605a e-con-full e-flex e-con e-parent\" data-id=\"aca605a\" data-element_type=\"container\" data-core-v316-plus=\"true\">\n\t\t\t\t<div class=\"elementor-element elementor-element-dcf798a elementor-widget elementor-widget-text-editor\" data-id=\"dcf798a\" data-element_type=\"widget\" data-widget_type=\"text-editor.default\">\n\t\t\t\t<div class=\"elementor-widget-container\">\n\t\t\t\t\t\t\t<p><strong>Industrializaci\u00f3n de principio a fin.<br \/><\/strong><\/p><p>El desarrollo de las casas BioBox tuvo en cuenta una nueva visi\u00f3n en la producci\u00f3n de casas, dejamos de usar el proceso convencional en la obra y llevamos toda la producci\u00f3n al entorno cerrado de una f\u00e1brica.<\/p><p>A diferencia de otros sistemas constructivos en los que se realiza parte de los cierres offsite pero la mayor parte se hace en el lugar de construcci\u00f3n, en BioBox la casa se produce completamente en la f\u00e1brica, quedando \u00fanicamente su apertura y ubicaci\u00f3n de acabados externos e internos a realizar en el lugar de entrega. En pocas horas estar\u00e1 terminada y lista para habitarla.<\/p>\t\t\t\t\t\t<\/div>\n\t\t\t\t<\/div>\n\t\t\t\t<\/div>\n\t\t\t\t\t<\/div>\n\t\t\t\t<\/div>\n\t\t<div class=\"elementor-element elementor-element-4d78ae9 e-flex e-con-boxed e-con e-parent\" data-id=\"4d78ae9\" data-element_type=\"container\" data-settings=\"{&quot;background_background&quot;:&quot;classic&quot;}\" data-core-v316-plus=\"true\">\n\t\t\t\t\t<div class=\"e-con-inner\">\n\t\t\t\t<div class=\"elementor-element elementor-element-8181b2f elementor-widget__width-initial elementor-widget elementor-widget-heading\" data-id=\"8181b2f\" data-element_type=\"widget\" data-widget_type=\"heading.default\">\n\t\t\t\t<div class=\"elementor-widget-container\">\n\t\t\t<h2 class=\"elementor-heading-title elementor-size-default\">Conoce las oportunidades comerciales<\/h2>\t\t<\/div>\n\t\t\t\t<\/div>\n\t\t<div class=\"elementor-element elementor-element-355d0df e-con-full e-flex e-con e-parent\" data-id=\"355d0df\" data-element_type=\"container\" data-settings=\"{&quot;background_background&quot;:&quot;classic&quot;}\" data-core-v316-plus=\"true\">\n\t\t\t\t<div class=\"elementor-element elementor-element-ef8b2e9 elementor-widget__width-initial elementor-widget elementor-widget-heading\" data-id=\"ef8b2e9\" data-element_type=\"widget\" data-widget_type=\"heading.default\">\n\t\t\t\t<div class=\"elementor-widget-container\">\n\t\t\t<h2 class=\"elementor-heading-title elementor-size-default\">Empresas Constructoras, Promotoras y Loteadoras<\/h2>\t\t<\/div>\n\t\t\t\t<\/div>\n\t\t\t\t<div class=\"elementor-element elementor-element-8c7a4ea elementor-widget__width-initial elementor-widget elementor-widget-text-editor\" data-id=\"8c7a4ea\" data-element_type=\"widget\" data-widget_type=\"text-editor.default\">\n\t\t\t\t<div class=\"elementor-widget-container\">\n\t\t\t\t\t\t\t<p>La Construcci\u00f3n Civil, en el mercado habitacional, es un mercado complejo, con gran utilizaci\u00f3n de mano de obra y m\u00e1rgenes limitados, dependiendo del mercado en que act\u00faa el constructor y del perfil de sus competidores.<\/p>\t\t\t\t\t\t<\/div>\n\t\t\t\t<\/div>\n\t\t\t\t<div class=\"elementor-element elementor-element-254e926 elementor-widget elementor-widget-button\" data-id=\"254e926\" data-element_type=\"widget\" data-widget_type=\"button.default\">\n\t\t\t\t<div class=\"elementor-widget-container\">\n\t\t\t\t\t<div class=\"elementor-button-wrapper\">\n\t\t\t<a class=\"elementor-button elementor-button-link elementor-size-sm elementor-animation-bob\" href=\"https:\/\/bioboxhouses.com\/biobox-es\/construtoras-incorporadoras-e-loteadores\/\">\n\t\t\t\t\t\t<span class=\"elementor-button-content-wrapper\">\n\t\t\t\t\t\t<span class=\"elementor-button-text\">DESCUEBRE M\u00c1S<\/span>\n\t\t<\/span>\n\t\t\t\t\t<\/a>\n\t\t<\/div>\n\t\t\t\t<\/div>\n\t\t\t\t<\/div>\n\t\t\t\t<\/div>\n\t\t<div class=\"elementor-element elementor-element-51551e7 e-con-full e-flex e-con e-parent\" data-id=\"51551e7\" data-element_type=\"container\" data-settings=\"{&quot;background_background&quot;:&quot;classic&quot;}\" data-core-v316-plus=\"true\">\n\t\t\t\t<div class=\"elementor-element elementor-element-b816495 elementor-widget__width-initial elementor-widget elementor-widget-heading\" data-id=\"b816495\" data-element_type=\"widget\" data-widget_type=\"heading.default\">\n\t\t\t\t<div class=\"elementor-widget-container\">\n\t\t\t<h2 class=\"elementor-heading-title elementor-size-default\">Licenciatarios<\/h2>\t\t<\/div>\n\t\t\t\t<\/div>\n\t\t\t\t<div class=\"elementor-element elementor-element-ef40d00 elementor-widget__width-initial elementor-widget elementor-widget-text-editor\" data-id=\"ef40d00\" data-element_type=\"widget\" data-widget_type=\"text-editor.default\">\n\t\t\t\t<div class=\"elementor-widget-container\">\n\t\t\t\t\t\t\t<p>Si est\u00e1s buscando un excelente negocio y tienes afinidad con el mercado inmobiliario, con la construcci\u00f3n civil o con la actividad industrial, puedes convertirte en un licenciatario de BioBox.<\/p>\t\t\t\t\t\t<\/div>\n\t\t\t\t<\/div>\n\t\t\t\t<div class=\"elementor-element elementor-element-f51778c elementor-widget elementor-widget-button\" data-id=\"f51778c\" data-element_type=\"widget\" data-widget_type=\"button.default\">\n\t\t\t\t<div class=\"elementor-widget-container\">\n\t\t\t\t\t<div class=\"elementor-button-wrapper\">\n\t\t\t<a class=\"elementor-button elementor-button-link elementor-size-sm elementor-animation-bob\" href=\"https:\/\/bioboxhouses.com\/biobox-es\/licenciados\/\">\n\t\t\t\t\t\t<span class=\"elementor-button-content-wrapper\">\n\t\t\t\t\t\t<span class=\"elementor-button-text\">DESCUEBRE M\u00c1S<\/span>\n\t\t<\/span>\n\t\t\t\t\t<\/a>\n\t\t<\/div>\n\t\t\t\t<\/div>\n\t\t\t\t<\/div>\n\t\t\t\t<\/div>\n\t\t\t\t\t<\/div>\n\t\t\t\t<\/div>\n\t\t<div class=\"elementor-element elementor-element-d852d92 e-flex e-con-boxed e-con e-parent\" data-id=\"d852d92\" data-element_type=\"container\" data-settings=\"{&quot;background_background&quot;:&quot;classic&quot;}\" data-core-v316-plus=\"true\">\n\t\t\t\t\t<div class=\"e-con-inner\">\n\t\t<div class=\"elementor-element elementor-element-3307c92 e-con-full e-flex e-con e-parent\" data-id=\"3307c92\" data-element_type=\"container\" data-settings=\"{&quot;background_background&quot;:&quot;classic&quot;}\" data-core-v316-plus=\"true\">\n\t\t\t\t<div class=\"elementor-element elementor-element-f291dfc elementor-widget elementor-widget-image\" data-id=\"f291dfc\" data-element_type=\"widget\" data-widget_type=\"image.default\">\n\t\t\t\t<div class=\"elementor-widget-container\">\n\t\t\t\t\t\t\t\t\t\t\t\t\t<img fetchpriority=\"high\" decoding=\"async\" width=\"2560\" height=\"1440\" src=\"https:\/\/bioboxhouses.com\/biobox-es\/wp-content\/uploads\/2023\/06\/biobox-ikaza-externa-4-scaled-6499ed6aaccec.webp\" class=\"attachment-full size-full wp-image-780\" alt=\"\" srcset=\"https:\/\/bioboxhouses.com\/biobox-es\/wp-content\/uploads\/2023\/06\/biobox-ikaza-externa-4-scaled-6499ed6aaccec.webp 2560w, https:\/\/bioboxhouses.com\/biobox-es\/wp-content\/uploads\/2023\/06\/biobox-ikaza-externa-4-scaled-6499ed6aaccec-300x169.webp 300w, https:\/\/bioboxhouses.com\/biobox-es\/wp-content\/uploads\/2023\/06\/biobox-ikaza-externa-4-scaled-6499ed6aaccec-1024x576.webp 1024w, https:\/\/bioboxhouses.com\/biobox-es\/wp-content\/uploads\/2023\/06\/biobox-ikaza-externa-4-scaled-6499ed6aaccec-768x432.webp 768w, https:\/\/bioboxhouses.com\/biobox-es\/wp-content\/uploads\/2023\/06\/biobox-ikaza-externa-4-scaled-6499ed6aaccec-1536x864.webp 1536w, https:\/\/bioboxhouses.com\/biobox-es\/wp-content\/uploads\/2023\/06\/biobox-ikaza-externa-4-scaled-6499ed6aaccec-2048x1152.webp 2048w\" sizes=\"(max-width: 2560px) 100vw, 2560px\" \/>\t\t\t\t\t\t\t\t\t\t\t\t\t<\/div>\n\t\t\t\t<\/div>\n\t\t\t\t<\/div>\n\t\t<div class=\"elementor-element elementor-element-548a017 e-con-full e-flex e-con e-parent\" data-id=\"548a017\" data-element_type=\"container\" data-core-v316-plus=\"true\">\n\t\t\t\t<div class=\"elementor-element elementor-element-f5932ba elementor-widget__width-initial elementor-widget elementor-widget-heading\" data-id=\"f5932ba\" data-element_type=\"widget\" data-widget_type=\"heading.default\">\n\t\t\t\t<div class=\"elementor-widget-container\">\n\t\t\t<h2 class=\"elementor-heading-title elementor-size-default\">Haciendo realidad el sue\u00f1o de tener una casa propia.<\/h2>\t\t<\/div>\n\t\t\t\t<\/div>\n\t\t\t\t<div class=\"elementor-element elementor-element-57456a0 elementor-widget elementor-widget-text-editor\" data-id=\"57456a0\" data-element_type=\"widget\" data-widget_type=\"text-editor.default\">\n\t\t\t\t<div class=\"elementor-widget-container\">\n\t\t\t\t\t\t\t<div class=\"kc-elm kc-css-762817 kc-title-wrap \"><h3 class=\"kc_title\">Haciendo realidad el sue\u00f1o de tener una casa propia.<\/h3><\/div><div class=\"kc-elm kc-css-74725 kc_text_block\"><p>BioBox est\u00e1 aqu\u00ed para hacer realidad tu sue\u00f1o de tener una casa propia para ti\u2026 y para todos los que esperaban un producto con alta calidad, muchos diferenciales, incluyendo sostenibilidad, sin todas las molestias y problemas de un proceso de construcci\u00f3n, sin el riesgo de la influencia de la inflaci\u00f3n, en muy poco tiempo -cuatro casas al d\u00eda- y, principalmente, por un precio muy asequible, en definitiva, tu sue\u00f1o de tener casa propia nunca ha estado tan cerca de realizarse.<\/p><p>Y esto solo fue posible gracias a una importante inversi\u00f3n en tiempo, recursos humanos y financiera, se necesitaron cinco a\u00f1os para llegar a la soluci\u00f3n final: viviendas de alta calidad, sostenibles, y accesibles al mayor n\u00famero de personas. Todo este trabajo nos lleva a este momento, en que estamos muy cerca de iniciar la operaci\u00f3n de nuestra primera f\u00e1brica en Brasil. Vendr\u00e1n otras para suplir el enorme d\u00e9ficit habitacional y ofrecer viviendas innovadoras en condiciones \u00fanicas\u2026 \u00a1vali\u00f3 la pena esperar!<\/p><\/div>\t\t\t\t\t\t<\/div>\n\t\t\t\t<\/div>\n\t\t\t\t<\/div>\n\t\t\t\t\t<\/div>\n\t\t\t\t<\/div>\n\t\t\t\t<\/div>\n\t\t","protected":false},"excerpt":{"rendered":"<p>Conoce las casas BioBox, m\u00e1s que una casa de calidad, una nueva forma de construir y vivir. Muchas ventajas para empresarios y compradores finales. El proceso de fabricaci\u00f3n de BioBox aporta varias ventajas a sus casas: Mayor control sobre la calidad de la producci\u00f3n y el producto final; Menor tiempo de producci\u00f3n, una casa cada [&hellip;]<\/p>\n","protected":false},"author":1,"featured_media":0,"parent":0,"menu_order":0,"comment_status":"closed","ping_status":"closed","template":"elementor_header_footer","meta":{"footnotes":""},"class_list":["post-13","page","type-page","status-publish","hentry","wpbf-post"],"yoast_head":"<!-- This site is optimized with the Yoast SEO plugin v22.3 - https:\/\/yoast.com\/wordpress\/plugins\/seo\/ -->\n<title>A BioBox - BioBox<\/title>\n<meta name=\"robots\" content=\"index, follow, max-snippet:-1, max-image-preview:large, max-video-preview:-1\" \/>\n<link rel=\"canonical\" href=\"https:\/\/bioboxhouses.com\/biobox-es\/a-biobox\/\" \/>\n<meta property=\"og:locale\" content=\"pt_BR\" \/>\n<meta property=\"og:type\" content=\"article\" \/>\n<meta property=\"og:title\" content=\"A BioBox - BioBox\" \/>\n<meta property=\"og:description\" content=\"Conoce las casas BioBox, m\u00e1s que una casa de calidad, una nueva forma de construir y vivir. Muchas ventajas para empresarios y compradores finales. El proceso de fabricaci\u00f3n de BioBox aporta varias ventajas a sus casas: Mayor control sobre la calidad de la producci\u00f3n y el producto final; Menor tiempo de producci\u00f3n, una casa cada [&hellip;]\" \/>\n<meta property=\"og:url\" content=\"https:\/\/bioboxhouses.com\/biobox-es\/a-biobox\/\" \/>\n<meta property=\"og:site_name\" content=\"BioBox\" \/>\n<meta property=\"article:modified_time\" content=\"2023-08-12T01:38:04+00:00\" \/>\n<meta property=\"og:image\" content=\"https:\/\/bioboxhouses.com\/biobox-es\/wp-content\/uploads\/2023\/06\/biobox-ikaza-externa-4-scaled-6499ed6aaccec.webp\" \/>\n<meta name=\"twitter:card\" content=\"summary_large_image\" \/>\n<meta name=\"twitter:label1\" content=\"Est. tempo de leitura\" \/>\n\t<meta name=\"twitter:data1\" content=\"3 minutos\" \/>\n<script type=\"application\/ld+json\" class=\"yoast-schema-graph\">{\"@context\":\"https:\/\/schema.org\",\"@graph\":[{\"@type\":\"WebPage\",\"@id\":\"https:\/\/bioboxhouses.com\/biobox-es\/a-biobox\/\",\"url\":\"https:\/\/bioboxhouses.com\/biobox-es\/a-biobox\/\",\"name\":\"A BioBox - BioBox\",\"isPartOf\":{\"@id\":\"https:\/\/bioboxhouses.com\/biobox-es\/#website\"},\"primaryImageOfPage\":{\"@id\":\"https:\/\/bioboxhouses.com\/biobox-es\/a-biobox\/#primaryimage\"},\"image\":{\"@id\":\"https:\/\/bioboxhouses.com\/biobox-es\/a-biobox\/#primaryimage\"},\"thumbnailUrl\":\"https:\/\/bioboxhouses.com\/biobox-es\/wp-content\/uploads\/2023\/06\/biobox-ikaza-externa-4-scaled-6499ed6aaccec.webp\",\"datePublished\":\"2023-06-24T16:15:34+00:00\",\"dateModified\":\"2023-08-12T01:38:04+00:00\",\"breadcrumb\":{\"@id\":\"https:\/\/bioboxhouses.com\/biobox-es\/a-biobox\/#breadcrumb\"},\"inLanguage\":\"pt-BR\",\"potentialAction\":[{\"@type\":\"ReadAction\",\"target\":[\"https:\/\/bioboxhouses.com\/biobox-es\/a-biobox\/\"]}]},{\"@type\":\"ImageObject\",\"inLanguage\":\"pt-BR\",\"@id\":\"https:\/\/bioboxhouses.com\/biobox-es\/a-biobox\/#primaryimage\",\"url\":\"https:\/\/bioboxhouses.com\/biobox-es\/wp-content\/uploads\/2023\/06\/biobox-ikaza-externa-4-scaled-6499ed6aaccec.webp\",\"contentUrl\":\"https:\/\/bioboxhouses.com\/biobox-es\/wp-content\/uploads\/2023\/06\/biobox-ikaza-externa-4-scaled-6499ed6aaccec.webp\",\"width\":2560,\"height\":1440},{\"@type\":\"BreadcrumbList\",\"@id\":\"https:\/\/bioboxhouses.com\/biobox-es\/a-biobox\/#breadcrumb\",\"itemListElement\":[{\"@type\":\"ListItem\",\"position\":1,\"name\":\"Home\",\"item\":\"https:\/\/bioboxhouses.com\/biobox-es\/\"},{\"@type\":\"ListItem\",\"position\":2,\"name\":\"A BioBox\"}]},{\"@type\":\"WebSite\",\"@id\":\"https:\/\/bioboxhouses.com\/biobox-es\/#website\",\"url\":\"https:\/\/bioboxhouses.com\/biobox-es\/\",\"name\":\"BioBox\",\"description\":\"\",\"potentialAction\":[{\"@type\":\"SearchAction\",\"target\":{\"@type\":\"EntryPoint\",\"urlTemplate\":\"https:\/\/bioboxhouses.com\/biobox-es\/?s={search_term_string}\"},\"query-input\":\"required name=search_term_string\"}],\"inLanguage\":\"pt-BR\"}]}<\/script>\n<!-- \/ Yoast SEO plugin. -->","yoast_head_json":{"title":"A BioBox - BioBox","robots":{"index":"index","follow":"follow","max-snippet":"max-snippet:-1","max-image-preview":"max-image-preview:large","max-video-preview":"max-video-preview:-1"},"canonical":"https:\/\/bioboxhouses.com\/biobox-es\/a-biobox\/","og_locale":"pt_BR","og_type":"article","og_title":"A BioBox - BioBox","og_description":"Conoce las casas BioBox, m\u00e1s que una casa de calidad, una nueva forma de construir y vivir. Muchas ventajas para empresarios y compradores finales. El proceso de fabricaci\u00f3n de BioBox aporta varias ventajas a sus casas: Mayor control sobre la calidad de la producci\u00f3n y el producto final; Menor tiempo de producci\u00f3n, una casa cada [&hellip;]","og_url":"https:\/\/bioboxhouses.com\/biobox-es\/a-biobox\/","og_site_name":"BioBox","article_modified_time":"2023-08-12T01:38:04+00:00","og_image":[{"url":"https:\/\/bioboxhouses.com\/biobox-es\/wp-content\/uploads\/2023\/06\/biobox-ikaza-externa-4-scaled-6499ed6aaccec.webp"}],"twitter_card":"summary_large_image","twitter_misc":{"Est. tempo de leitura":"3 minutos"},"schema":{"@context":"https:\/\/schema.org","@graph":[{"@type":"WebPage","@id":"https:\/\/bioboxhouses.com\/biobox-es\/a-biobox\/","url":"https:\/\/bioboxhouses.com\/biobox-es\/a-biobox\/","name":"A BioBox - BioBox","isPartOf":{"@id":"https:\/\/bioboxhouses.com\/biobox-es\/#website"},"primaryImageOfPage":{"@id":"https:\/\/bioboxhouses.com\/biobox-es\/a-biobox\/#primaryimage"},"image":{"@id":"https:\/\/bioboxhouses.com\/biobox-es\/a-biobox\/#primaryimage"},"thumbnailUrl":"https:\/\/bioboxhouses.com\/biobox-es\/wp-content\/uploads\/2023\/06\/biobox-ikaza-externa-4-scaled-6499ed6aaccec.webp","datePublished":"2023-06-24T16:15:34+00:00","dateModified":"2023-08-12T01:38:04+00:00","breadcrumb":{"@id":"https:\/\/bioboxhouses.com\/biobox-es\/a-biobox\/#breadcrumb"},"inLanguage":"pt-BR","potentialAction":[{"@type":"ReadAction","target":["https:\/\/bioboxhouses.com\/biobox-es\/a-biobox\/"]}]},{"@type":"ImageObject","inLanguage":"pt-BR","@id":"https:\/\/bioboxhouses.com\/biobox-es\/a-biobox\/#primaryimage","url":"https:\/\/bioboxhouses.com\/biobox-es\/wp-content\/uploads\/2023\/06\/biobox-ikaza-externa-4-scaled-6499ed6aaccec.webp","contentUrl":"https:\/\/bioboxhouses.com\/biobox-es\/wp-content\/uploads\/2023\/06\/biobox-ikaza-externa-4-scaled-6499ed6aaccec.webp","width":2560,"height":1440},{"@type":"BreadcrumbList","@id":"https:\/\/bioboxhouses.com\/biobox-es\/a-biobox\/#breadcrumb","itemListElement":[{"@type":"ListItem","position":1,"name":"Home","item":"https:\/\/bioboxhouses.com\/biobox-es\/"},{"@type":"ListItem","position":2,"name":"A BioBox"}]},{"@type":"WebSite","@id":"https:\/\/bioboxhouses.com\/biobox-es\/#website","url":"https:\/\/bioboxhouses.com\/biobox-es\/","name":"BioBox","description":"","potentialAction":[{"@type":"SearchAction","target":{"@type":"EntryPoint","urlTemplate":"https:\/\/bioboxhouses.com\/biobox-es\/?s={search_term_string}"},"query-input":"required name=search_term_string"}],"inLanguage":"pt-BR"}]}},"_links":{"self":[{"href":"https:\/\/bioboxhouses.com\/biobox-es\/wp-json\/wp\/v2\/pages\/13","targetHints":{"allow":["GET"]}}],"collection":[{"href":"https:\/\/bioboxhouses.com\/biobox-es\/wp-json\/wp\/v2\/pages"}],"about":[{"href":"https:\/\/bioboxhouses.com\/biobox-es\/wp-json\/wp\/v2\/types\/page"}],"author":[{"embeddable":true,"href":"https:\/\/bioboxhouses.com\/biobox-es\/wp-json\/wp\/v2\/users\/1"}],"replies":[{"embeddable":true,"href":"https:\/\/bioboxhouses.com\/biobox-es\/wp-json\/wp\/v2\/comments?post=13"}],"version-history":[{"count":67,"href":"https:\/\/bioboxhouses.com\/biobox-es\/wp-json\/wp\/v2\/pages\/13\/revisions"}],"predecessor-version":[{"id":2026,"href":"https:\/\/bioboxhouses.com\/biobox-es\/wp-json\/wp\/v2\/pages\/13\/revisions\/2026"}],"wp:attachment":[{"href":"https:\/\/bioboxhouses.com\/biobox-es\/wp-json\/wp\/v2\/media?parent=13"}],"curies":[{"name":"wp","href":"https:\/\/api.w.org\/{rel}","templated":true}]}}